{"id":30049,"date":"2022-06-30T17:06:50","date_gmt":"2022-06-30T15:06:50","guid":{"rendered":"https:\/\/mapetiteplanete.org\/?page_id=30049"},"modified":"2025-07-09T11:05:12","modified_gmt":"2025-07-09T09:05:12","slug":"blog_planete_mpp","status":"publish","type":"page","link":"https:\/\/mapetiteplanete.org\/es\/blog_planete_mpp\/","title":{"rendered":"Planeta MPP"},"content":{"rendered":"<p>[et_pb_section fb_built=\u00a0\u00bb1&Prime; _builder_version=\u00a0\u00bb4.17.4&Prime; _module_preset=\u00a0\u00bbdefault\u00a0\u00bb da_disable_devices=\u00a0\u00bboff|off|off\u00a0\u00bb global_colors_info=\u00a0\u00bb{}\u00a0\u00bb da_is_popup=\u00a0\u00bboff\u00a0\u00bb da_exit_intent=\u00a0\u00bboff\u00a0\u00bb da_has_close=\u00a0\u00bbon\u00a0\u00bb da_alt_close=\u00a0\u00bboff\u00a0\u00bb da_dark_close=\u00a0\u00bboff\u00a0\u00bb da_not_modal=\u00a0\u00bbon\u00a0\u00bb da_is_singular=\u00a0\u00bboff\u00a0\u00bb da_with_loader=\u00a0\u00bboff\u00a0\u00bb da_has_shadow=\u00a0\u00bbon\u00a0\u00bb][et_pb_row _builder_version=\u00a0\u00bb4.17.4&Prime; _module_preset=\u00a0\u00bbdefault\u00a0\u00bb width=\u00a0\u00bb100%\u00a0\u00bb max_width=\u00a0\u00bb100%\u00a0\u00bb global_colors_info=\u00a0\u00bb{}\u00a0\u00bb][et_pb_column type=\u00a0\u00bb4_4&Prime; _builder_version=\u00a0\u00bb4.17.4&Prime; _module_preset=\u00a0\u00bbdefault\u00a0\u00bb global_colors_info=\u00a0\u00bb{}\u00a0\u00bb][et_pb_image src=\u00a0\u00bbhttps:\/\/mapetiteplanete.org\/wp-content\/uploads\/2022\/07\/Group-3-scaled.jpg\u00a0\u00bb title_text=\u00a0\u00bbGroup 3&Prime; _builder_version=\u00a0\u00bb4.17.4&Prime; _module_preset=\u00a0\u00bbdefault\u00a0\u00bb custom_margin=\u00a0\u00bb||-165px||false|false\u00a0\u00bb custom_margin_tablet=\u00a0\u00bb||0px||false|false\u00a0\u00bb custom_margin_phone=\u00a0\u00bb-80px||0px||false|false\u00a0\u00bb custom_margin_last_edited=\u00a0\u00bbon|phone\u00a0\u00bb global_colors_info=\u00a0\u00bb{}\u00a0\u00bb][\/et_pb_image][et_pb_text _builder_version=\u00a0\u00bb4.17.4&Prime; _module_preset=\u00a0\u00bbdefault\u00a0\u00bb text_text_color=\u00a0\u00bb#EF6B51&Prime; custom_margin=\u00a0\u00bb10%||||false|false\u00a0\u00bb custom_margin_tablet=\u00a0\u00bb0%||||false|false\u00a0\u00bb custom_margin_phone=\u00a0\u00bb0%||||false|false\u00a0\u00bb custom_margin_last_edited=\u00a0\u00bbon|desktop\u00a0\u00bb text_font_tablet=\u00a0\u00bb\u00a0\u00bb text_font_phone=\u00a0\u00bb\u00a0\u00bb text_font_last_edited=\u00a0\u00bbon|desktop\u00a0\u00bb global_colors_info=\u00a0\u00bb{}\u00a0\u00bb]<\/p>\n<p style=\"text-align: center;\">PLAN\u00c8TE MPP<\/p>\n<p>[\/et_pb_text][et_pb_text _builder_version=\u00a0\u00bb4.17.4&Prime; _module_preset=\u00a0\u00bbdefault\u00a0\u00bb text_text_color=\u00a0\u00bb#000000&Prime; header_line_height=\u00a0\u00bb1.5em\u00a0\u00bb header_2_font=\u00a0\u00bbPoppins||||||||\u00a0\u00bb header_2_text_align=\u00a0\u00bbleft\u00a0\u00bb header_2_font_size=\u00a0\u00bb200%\u00a0\u00bb header_2_line_height=\u00a0\u00bb1.4em\u00a0\u00bb width=\u00a0\u00bb37%\u00a0\u00bb width_tablet=\u00a0\u00bb80%\u00a0\u00bb width_phone=\u00a0\u00bb75%\u00a0\u00bb width_last_edited=\u00a0\u00bbon|desktop\u00a0\u00bb module_alignment=\u00a0\u00bbcenter\u00a0\u00bb custom_margin=\u00a0\u00bb2rem||||false|false\u00a0\u00bb custom_margin_tablet=\u00a0\u00bb0rem||||false|false\u00a0\u00bb custom_margin_phone=\u00a0\u00bb0rem||||false|false\u00a0\u00bb custom_margin_last_edited=\u00a0\u00bbon|desktop\u00a0\u00bb header_2_font_size_tablet=\u00a0\u00bb200%\u00a0\u00bb header_2_font_size_phone=\u00a0\u00bb150%\u00a0\u00bb header_2_font_size_last_edited=\u00a0\u00bbon|desktop\u00a0\u00bb global_colors_info=\u00a0\u00bb{}\u00a0\u00bb]<\/p>\n<h2><span style=\"color: #000000;\">L\u2019\u00e9cosyst\u00e8me MPP : les terrien.ne.s qui le composent, ses actus et ses nouveaut\u00e9s !<\/span><\/h2>\n<p>[\/et_pb_text][\/et_pb_column][\/et_pb_row][et_pb_row use_custom_gutter=\u00a0\u00bbon\u00a0\u00bb gutter_width=\u00a0\u00bb4&Prime; make_equal=\u00a0\u00bbon\u00a0\u00bb _builder_version=\u00a0\u00bb4.17.4&Prime; _module_preset=\u00a0\u00bbdefault\u00a0\u00bb width=\u00a0\u00bb93%\u00a0\u00bb width_tablet=\u00a0\u00bb100%\u00a0\u00bb width_phone=\u00a0\u00bb100%\u00a0\u00bb width_last_edited=\u00a0\u00bbon|phone\u00a0\u00bb max_width=\u00a0\u00bb100%\u00a0\u00bb global_colors_info=\u00a0\u00bb{}\u00a0\u00bb][et_pb_column type=\u00a0\u00bb4_4&Prime; _builder_version=\u00a0\u00bb4.17.4&Prime; _module_preset=\u00a0\u00bbdefault\u00a0\u00bb global_colors_info=\u00a0\u00bb{}\u00a0\u00bb][et_pb_blog fullwidth=\u00a0\u00bboff\u00a0\u00bb include_categories=\u00a0\u00bb35&Prime; use_manual_excerpt=\u00a0\u00bboff\u00a0\u00bb show_author=\u00a0\u00bboff\u00a0\u00bb show_excerpt=\u00a0\u00bboff\u00a0\u00bb show_pagination=\u00a0\u00bboff\u00a0\u00bb masonry_tile_background_color=\u00a0\u00bb#8CD7E5&Prime; _builder_version=\u00a0\u00bb4.17.4&Prime; _module_preset=\u00a0\u00bbdefault\u00a0\u00bb header_font=\u00a0\u00bbPoppins|600|||||||\u00a0\u00bb header_text_color=\u00a0\u00bb#2C2C69&Prime; body_font=\u00a0\u00bbPoppins||||||||\u00a0\u00bb body_text_color=\u00a0\u00bb#2C2C69&Prime; meta_font=\u00a0\u00bbPoppins||||||||\u00a0\u00bb meta_text_color=\u00a0\u00bb#2C2C69&Prime; background_color=\u00a0\u00bbRGBA(255,255,255,0)\u00a0\u00bb width_tablet=\u00a0\u00bb100%\u00a0\u00bb width_phone=\u00a0\u00bb100%\u00a0\u00bb width_last_edited=\u00a0\u00bbon|tablet\u00a0\u00bb max_width=\u00a0\u00bb100%\u00a0\u00bb max_width_tablet=\u00a0\u00bb70%\u00a0\u00bb max_width_phone=\u00a0\u00bb70%\u00a0\u00bb max_width_last_edited=\u00a0\u00bbon|tablet\u00a0\u00bb module_alignment=\u00a0\u00bbcenter\u00a0\u00bb border_radii=\u00a0\u00bbon|10px|10px|10px|10px\u00a0\u00bb border_width_all=\u00a0\u00bb0px\u00a0\u00bb border_color_all=\u00a0\u00bbRGBA(255,255,255,0)\u00a0\u00bb border_radii_image=\u00a0\u00bbon|14px|14px|14px|14px\u00a0\u00bb border_width_all_image=\u00a0\u00bb11px\u00a0\u00bb border_color_all_image=\u00a0\u00bb#8CD7E5&Prime; global_colors_info=\u00a0\u00bb{}\u00a0\u00bb][\/et_pb_blog][\/et_pb_column][\/et_pb_row][et_pb_row _builder_version=\u00a0\u00bb4.17.4&Prime; _module_preset=\u00a0\u00bbdefault\u00a0\u00bb global_colors_info=\u00a0\u00bb{}\u00a0\u00bb][et_pb_column type=\u00a0\u00bb4_4&Prime; _builder_version=\u00a0\u00bb4.17.4&Prime; _module_preset=\u00a0\u00bbdefault\u00a0\u00bb global_colors_info=\u00a0\u00bb{}\u00a0\u00bb][et_pb_text _builder_version=\u00a0\u00bb4.17.4&Prime; _module_preset=\u00a0\u00bbdefault\u00a0\u00bb text_font=\u00a0\u00bbPoppins||||||||\u00a0\u00bb text_text_color=\u00a0\u00bb#EF6B51&Prime; text_letter_spacing=\u00a0\u00bb2px\u00a0\u00bb custom_margin=\u00a0\u00bb||8px||false|false\u00a0\u00bb global_colors_info=\u00a0\u00bb{}\u00a0\u00bb]<\/p>\n<p>LES TH\u00c8MES MPP<\/p>\n<p>[\/et_pb_text][et_pb_text _builder_version=\u00a0\u00bb4.17.4&Prime; _module_preset=\u00a0\u00bbdefault\u00a0\u00bb text_font=\u00a0\u00bbPoppins|600|||||||\u00a0\u00bb text_text_color=\u00a0\u00bb#333333&Prime; text_font_size=\u00a0\u00bb23px\u00a0\u00bb global_colors_info=\u00a0\u00bb{}\u00a0\u00bb]<\/p>\n<p>Les prochains th\u00e8mes<\/p>\n<p>[\/et_pb_text][et_pb_image src=\u00a0\u00bbhttps:\/\/mapetiteplanete.org\/wp-content\/uploads\/2022\/09\/zero-dechet.jpg\u00a0\u00bb alt=\u00a0\u00bbzero dechet\u00a0\u00bb title_text=\u00a0\u00bbzero dechet\u00a0\u00bb _builder_version=\u00a0\u00bb4.18.0&Prime; _module_preset=\u00a0\u00bbdefault\u00a0\u00bb width=\u00a0\u00bb21%\u00a0\u00bb width_tablet=\u00a0\u00bb44%\u00a0\u00bb width_phone=\u00a0\u00bb55%\u00a0\u00bb width_last_edited=\u00a0\u00bbon|phone\u00a0\u00bb module_alignment_tablet=\u00a0\u00bbleft\u00a0\u00bb module_alignment_phone=\u00a0\u00bbcenter\u00a0\u00bb module_alignment_last_edited=\u00a0\u00bbon|phone\u00a0\u00bb global_colors_info=\u00a0\u00bb{}\u00a0\u00bb][\/et_pb_image][\/et_pb_column][\/et_pb_row][\/et_pb_section]<\/p>\n","protected":false},"excerpt":{"rendered":"<p>PLANETA DEL MPPEl ecosistema del MPP: las personas que lo componen, sus noticias y sus novedades! TEMAS DEL MPPLos pr\u00f3ximos temas<\/p>","protected":false},"author":25,"featured_media":0,"parent":0,"menu_order":0,"comment_status":"closed","ping_status":"closed","template":"","meta":{"_et_pb_use_builder":"on","_et_pb_old_content":"","_et_gb_content_width":"","content-type":"","inline_featured_image":false,"footnotes":""},"class_list":["post-30049","page","type-page","status-publish","hentry"],"yoast_head":"<!-- This site is optimized with the Yoast SEO plugin v27.4 - https:\/\/yoast.com\/product\/yoast-seo-wordpress\/ -->\n<title>Plan\u00e8te MPP - Ma Petite Plan\u00e8te<\/title>\n<meta name=\"robots\" content=\"index, follow, max-snippet:-1, max-image-preview:large, max-video-preview:-1\" \/>\n<link rel=\"canonical\" href=\"https:\/\/mapetiteplanete.org\/es\/blog_planete_mpp\/\" \/>\n<meta property=\"og:locale\" content=\"es_ES\" \/>\n<meta property=\"og:type\" content=\"article\" \/>\n<meta property=\"og:title\" content=\"Plan\u00e8te MPP - Ma Petite Plan\u00e8te\" \/>\n<meta property=\"og:description\" content=\"PLAN\u00c8TE MPPL\u2019\u00e9cosyst\u00e8me MPP : les terrien.ne.s qui le composent, ses actus et ses nouveaut\u00e9s !LES TH\u00c8MES MPPLes prochains th\u00e8mes\" \/>\n<meta property=\"og:url\" content=\"https:\/\/mapetiteplanete.org\/es\/blog_planete_mpp\/\" \/>\n<meta property=\"og:site_name\" content=\"Ma Petite Plan\u00e8te\" \/>\n<meta property=\"article:publisher\" content=\"https:\/\/www.facebook.com\/MaPetitePlaneteLeJeu\" \/>\n<meta property=\"article:modified_time\" content=\"2025-07-09T09:05:12+00:00\" \/>\n<meta property=\"og:image\" content=\"https:\/\/mapetiteplanete.org\/wp-content\/uploads\/2021\/02\/Logos_MPP_Vectorise-couleur-1.png\" \/>\n\t<meta property=\"og:image:width\" content=\"591\" \/>\n\t<meta property=\"og:image:height\" content=\"277\" \/>\n\t<meta property=\"og:image:type\" content=\"image\/png\" \/>\n<meta name=\"twitter:card\" content=\"summary_large_image\" \/>\n<script type=\"application\/ld+json\" class=\"yoast-schema-graph\">{\"@context\":\"https:\\\/\\\/schema.org\",\"@graph\":[{\"@type\":\"WebPage\",\"@id\":\"https:\\\/\\\/mapetiteplanete.org\\\/blog_planete_mpp\\\/\",\"url\":\"https:\\\/\\\/mapetiteplanete.org\\\/blog_planete_mpp\\\/\",\"name\":\"Plan\u00e8te MPP - Ma Petite Plan\u00e8te\",\"isPartOf\":{\"@id\":\"https:\\\/\\\/mapetiteplanete.org\\\/#website\"},\"datePublished\":\"2022-06-30T15:06:50+00:00\",\"dateModified\":\"2025-07-09T09:05:12+00:00\",\"breadcrumb\":{\"@id\":\"https:\\\/\\\/mapetiteplanete.org\\\/blog_planete_mpp\\\/#breadcrumb\"},\"inLanguage\":\"es\",\"potentialAction\":[{\"@type\":\"ReadAction\",\"target\":[\"https:\\\/\\\/mapetiteplanete.org\\\/blog_planete_mpp\\\/\"]}]},{\"@type\":\"BreadcrumbList\",\"@id\":\"https:\\\/\\\/mapetiteplanete.org\\\/blog_planete_mpp\\\/#breadcrumb\",\"itemListElement\":[{\"@type\":\"ListItem\",\"position\":1,\"name\":\"MPP, challenge \u00e9cologique\",\"item\":\"https:\\\/\\\/mapetiteplanete.org\\\/\"},{\"@type\":\"ListItem\",\"position\":2,\"name\":\"Plan\u00e8te MPP\"}]},{\"@type\":\"WebSite\",\"@id\":\"https:\\\/\\\/mapetiteplanete.org\\\/#website\",\"url\":\"https:\\\/\\\/mapetiteplanete.org\\\/\",\"name\":\"Ma Petite Plan\u00e8te\",\"description\":\"La comp\u00e9tition de d\u00e9fis \u00e9cologiques\",\"publisher\":{\"@id\":\"https:\\\/\\\/mapetiteplanete.org\\\/#organization\"},\"potentialAction\":[{\"@type\":\"SearchAction\",\"target\":{\"@type\":\"EntryPoint\",\"urlTemplate\":\"https:\\\/\\\/mapetiteplanete.org\\\/?s={search_term_string}\"},\"query-input\":{\"@type\":\"PropertyValueSpecification\",\"valueRequired\":true,\"valueName\":\"search_term_string\"}}],\"inLanguage\":\"es\"},{\"@type\":\"Organization\",\"@id\":\"https:\\\/\\\/mapetiteplanete.org\\\/#organization\",\"name\":\"Ma Petite Planete\",\"url\":\"https:\\\/\\\/mapetiteplanete.org\\\/\",\"logo\":{\"@type\":\"ImageObject\",\"inLanguage\":\"es\",\"@id\":\"https:\\\/\\\/mapetiteplanete.org\\\/#\\\/schema\\\/logo\\\/image\\\/\",\"url\":\"https:\\\/\\\/mapetiteplanete.org\\\/wp-content\\\/uploads\\\/2020\\\/10\\\/cropped-logo_mpp.png\",\"contentUrl\":\"https:\\\/\\\/mapetiteplanete.org\\\/wp-content\\\/uploads\\\/2020\\\/10\\\/cropped-logo_mpp.png\",\"width\":512,\"height\":512,\"caption\":\"Ma Petite Planete\"},\"image\":{\"@id\":\"https:\\\/\\\/mapetiteplanete.org\\\/#\\\/schema\\\/logo\\\/image\\\/\"},\"sameAs\":[\"https:\\\/\\\/www.facebook.com\\\/MaPetitePlaneteLeJeu\",\"https:\\\/\\\/www.instagram.com\\\/mapetiteplanete_le_jeu\\\/\",\"https:\\\/\\\/www.linkedin.com\\\/company\\\/ma-petite-plante\\\/?viewAsMember=true\"]}]}<\/script>\n<!-- \/ Yoast SEO plugin. -->","yoast_head_json":{"title":"Planeta MPP - Mi peque\u00f1o planeta","robots":{"index":"index","follow":"follow","max-snippet":"max-snippet:-1","max-image-preview":"max-image-preview:large","max-video-preview":"max-video-preview:-1"},"canonical":"https:\/\/mapetiteplanete.org\/es\/blog_planete_mpp\/","og_locale":"es_ES","og_type":"article","og_title":"Plan\u00e8te MPP - Ma Petite Plan\u00e8te","og_description":"PLAN\u00c8TE MPPL\u2019\u00e9cosyst\u00e8me MPP : les terrien.ne.s qui le composent, ses actus et ses nouveaut\u00e9s !LES TH\u00c8MES MPPLes prochains th\u00e8mes","og_url":"https:\/\/mapetiteplanete.org\/es\/blog_planete_mpp\/","og_site_name":"Ma Petite Plan\u00e8te","article_publisher":"https:\/\/www.facebook.com\/MaPetitePlaneteLeJeu","article_modified_time":"2025-07-09T09:05:12+00:00","og_image":[{"width":591,"height":277,"url":"https:\/\/mapetiteplanete.org\/wp-content\/uploads\/2021\/02\/Logos_MPP_Vectorise-couleur-1.png","type":"image\/png"}],"twitter_card":"summary_large_image","schema":{"@context":"https:\/\/schema.org","@graph":[{"@type":"WebPage","@id":"https:\/\/mapetiteplanete.org\/blog_planete_mpp\/","url":"https:\/\/mapetiteplanete.org\/blog_planete_mpp\/","name":"Planeta MPP - Mi peque\u00f1o planeta","isPartOf":{"@id":"https:\/\/mapetiteplanete.org\/#website"},"datePublished":"2022-06-30T15:06:50+00:00","dateModified":"2025-07-09T09:05:12+00:00","breadcrumb":{"@id":"https:\/\/mapetiteplanete.org\/blog_planete_mpp\/#breadcrumb"},"inLanguage":"es","potentialAction":[{"@type":"ReadAction","target":["https:\/\/mapetiteplanete.org\/blog_planete_mpp\/"]}]},{"@type":"BreadcrumbList","@id":"https:\/\/mapetiteplanete.org\/blog_planete_mpp\/#breadcrumb","itemListElement":[{"@type":"ListItem","position":1,"name":"MPP, challenge \u00e9cologique","item":"https:\/\/mapetiteplanete.org\/"},{"@type":"ListItem","position":2,"name":"Plan\u00e8te MPP"}]},{"@type":"WebSite","@id":"https:\/\/mapetiteplanete.org\/#website","url":"https:\/\/mapetiteplanete.org\/","name":"Ma Petite Plan\u00e8te Escolar","description":"Concurso \"El Desaf\u00edo Verde","publisher":{"@id":"https:\/\/mapetiteplanete.org\/#organization"},"potentialAction":[{"@type":"SearchAction","target":{"@type":"EntryPoint","urlTemplate":"https:\/\/mapetiteplanete.org\/?s={search_term_string}"},"query-input":{"@type":"PropertyValueSpecification","valueRequired":true,"valueName":"search_term_string"}}],"inLanguage":"es"},{"@type":"Organization","@id":"https:\/\/mapetiteplanete.org\/#organization","name":"Mi peque\u00f1o planeta","url":"https:\/\/mapetiteplanete.org\/","logo":{"@type":"ImageObject","inLanguage":"es","@id":"https:\/\/mapetiteplanete.org\/#\/schema\/logo\/image\/","url":"https:\/\/mapetiteplanete.org\/wp-content\/uploads\/2020\/10\/cropped-logo_mpp.png","contentUrl":"https:\/\/mapetiteplanete.org\/wp-content\/uploads\/2020\/10\/cropped-logo_mpp.png","width":512,"height":512,"caption":"Ma Petite Planete"},"image":{"@id":"https:\/\/mapetiteplanete.org\/#\/schema\/logo\/image\/"},"sameAs":["https:\/\/www.facebook.com\/MaPetitePlaneteLeJeu","https:\/\/www.instagram.com\/mapetiteplanete_le_jeu\/","https:\/\/www.linkedin.com\/company\/ma-petite-plante\/?viewAsMember=true"]}]}},"_links":{"self":[{"href":"https:\/\/mapetiteplanete.org\/es\/wp-json\/wp\/v2\/pages\/30049","targetHints":{"allow":["GET"]}}],"collection":[{"href":"https:\/\/mapetiteplanete.org\/es\/wp-json\/wp\/v2\/pages"}],"about":[{"href":"https:\/\/mapetiteplanete.org\/es\/wp-json\/wp\/v2\/types\/page"}],"author":[{"embeddable":true,"href":"https:\/\/mapetiteplanete.org\/es\/wp-json\/wp\/v2\/users\/25"}],"replies":[{"embeddable":true,"href":"https:\/\/mapetiteplanete.org\/es\/wp-json\/wp\/v2\/comments?post=30049"}],"version-history":[{"count":5,"href":"https:\/\/mapetiteplanete.org\/es\/wp-json\/wp\/v2\/pages\/30049\/revisions"}],"predecessor-version":[{"id":38649,"href":"https:\/\/mapetiteplanete.org\/es\/wp-json\/wp\/v2\/pages\/30049\/revisions\/38649"}],"wp:attachment":[{"href":"https:\/\/mapetiteplanete.org\/es\/wp-json\/wp\/v2\/media?parent=30049"}],"curies":[{"name":"wp","href":"https:\/\/api.w.org\/{rel}","templated":true}]}}