{"id":33434,"date":"2023-07-31T15:45:53","date_gmt":"2023-07-31T13:45:53","guid":{"rendered":"https:\/\/mapetiteplanete.org\/?page_id=33434"},"modified":"2025-06-10T18:23:08","modified_gmt":"2025-06-10T16:23:08","slug":"green-check-up","status":"publish","type":"page","link":"https:\/\/mapetiteplanete.org\/en\/ressources-pro\/green-check-up\/","title":{"rendered":"Green Check-up"},"content":{"rendered":"\n[et_pb_section fb_built=\u00a0\u00bb1&Prime; _builder_version=\u00a0\u00bb4.20.4&Prime; _module_preset=\u00a0\u00bbdefault\u00a0\u00bb custom_padding=\u00a0\u00bb||1px|||\u00a0\u00bb hover_enabled=\u00a0\u00bb0&Prime; da_disable_devices=\u00a0\u00bboff|off|off\u00a0\u00bb global_colors_info=\u00a0\u00bb{}\u00a0\u00bb sticky_enabled=\u00a0\u00bb0&Prime; da_is_popup=\u00a0\u00bboff\u00a0\u00bb da_exit_intent=\u00a0\u00bboff\u00a0\u00bb da_has_close=\u00a0\u00bbon\u00a0\u00bb da_alt_close=\u00a0\u00bboff\u00a0\u00bb da_dark_close=\u00a0\u00bboff\u00a0\u00bb da_not_modal=\u00a0\u00bbon\u00a0\u00bb da_is_singular=\u00a0\u00bboff\u00a0\u00bb da_with_loader=\u00a0\u00bboff\u00a0\u00bb da_has_shadow=\u00a0\u00bbon\u00a0\u00bb][et_pb_row column_structure=\u00a0\u00bb1_2,1_2&Prime; _builder_version=\u00a0\u00bb4.27.4&Prime; _module_preset=\u00a0\u00bbdefault\u00a0\u00bb global_colors_info=\u00a0\u00bb{}\u00a0\u00bb][et_pb_column type=\u00a0\u00bb1_2&Prime; _builder_version=\u00a0\u00bb4.20.4&Prime; _module_preset=\u00a0\u00bbdefault\u00a0\u00bb global_colors_info=\u00a0\u00bb{}\u00a0\u00bb][et_pb_text _builder_version=\u00a0\u00bb4.20.4&Prime; _module_preset=\u00a0\u00bbdefault\u00a0\u00bb inline_fonts=\u00a0\u00bbPoppins\u00a0\u00bb global_colors_info=\u00a0\u00bb{}\u00a0\u00bb]<h1><span style=\"color: #339966;\">Le green check-up<\/span><span style=\"color: #339966;\"><\/span><\/h1>\n<h2>Le kit complet !<\/h2>\n<p>&nbsp;<\/p>\n<p><span style=\"font-family: Poppins;\"><span data-token-index=\"0\" class=\"notion-enable-hover\">84% des salari\u00e9s estiment que l&rsquo;engagement de leur entreprise en mati\u00e8re de d\u00e9veloppement durable est un crit\u00e8re important pour eux. Seulement 35% ont conscience des actions de leur entreprise.<\/span> <span data-token-index=\"2\" class=\"notion-enable-hover\">Et vous ?<\/span><\/span><\/p>\n<p><span style=\"font-family: Poppins;\">Pour faire une vue d&rsquo;ensemble de l&rsquo;existant dans votre structure, on vous propose :\u00a0<\/span><\/p>\n<p><span style=\"color: #33cccc; font-family: Poppins;\">\u2753<span style=\"color: #2c2c69;\">Questionnaire cl\u00e9 en main<\/span><\/span><br \/><span style=\"color: #2c2c69; font-family: Poppins;\">\ud83d\udcc4 Liste des questions<\/span><br \/><span style=\"font-family: Poppins;\"><span style=\"color: #2c2c69;\">\ud83d\udd0d Analyse des r\u00e9sultats<\/span><span style=\"color: #2c2c69;\"><\/span><\/span><\/p>\n<p><span style=\"font-family: Poppins;\">Gr\u00e2ce \u00e0 ce kit, vous saurez o\u00f9 diriger vos efforts RSE pour r\u00e9pondre aux attentes de vos employ\u00e9.e.s.<\/span><span style=\"color: #2c2c69;\"><\/span><\/p>\n<p><span data-token-index=\"2\" class=\"notion-enable-hover\"><\/span><\/p>[\/et_pb_text][\/et_pb_column][et_pb_column type=\u00a0\u00bb1_2&Prime; _builder_version=\u00a0\u00bb4.20.4&Prime; _module_preset=\u00a0\u00bbdefault\u00a0\u00bb global_colors_info=\u00a0\u00bb{}\u00a0\u00bb][et_pb_image src=\u00a0\u00bbhttps:\/\/mapetiteplanete.org\/wp-content\/uploads\/2023\/07\/Sondage-Opinion-Way-pour-Ma-Petite-Planete-2-1.png\u00a0\u00bb title_text=\u00a0\u00bbSondage Opinion-Way pour Ma Petite Plane\u0300te (2)\u00a0\u00bb disabled_on=\u00a0\u00bbon|on|off\u00a0\u00bb _builder_version=\u00a0\u00bb4.20.4&Prime; _module_preset=\u00a0\u00bbdefault\u00a0\u00bb background_color=\u00a0\u00bbRGBA(255,255,255,0)\u00a0\u00bb custom_margin=\u00a0\u00bb43px||||false|false\u00a0\u00bb global_colors_info=\u00a0\u00bb{}\u00a0\u00bb][\/et_pb_image][\/et_pb_column][\/et_pb_row][et_pb_row _builder_version=\u00a0\u00bb4.27.4&Prime; _module_preset=\u00a0\u00bbdefault\u00a0\u00bb custom_margin=\u00a0\u00bb0px||0px||false|false\u00a0\u00bb custom_padding=\u00a0\u00bb0px||0px||false|false\u00a0\u00bb global_colors_info=\u00a0\u00bb{}\u00a0\u00bb][et_pb_column type=\u00a0\u00bb4_4&Prime; _builder_version=\u00a0\u00bb4.27.4&Prime; _module_preset=\u00a0\u00bbdefault\u00a0\u00bb global_colors_info=\u00a0\u00bb{}\u00a0\u00bb][et_pb_image src=\u00a0\u00bbhttps:\/\/mapetiteplanete.org\/wp-content\/uploads\/2025\/04\/Recevez-le-contenu-gratuitement-502-x-502-px-502-x-300-px-1.png\u00a0\u00bb title_text=\u00a0\u00bbRecevez le contenu gratuitement (502 x 502 px) (502 x 300 px) (1)\u00a0\u00bb align=\u00a0\u00bbcenter\u00a0\u00bb disabled_on=\u00a0\u00bboff|off|on\u00a0\u00bb _builder_version=\u00a0\u00bb4.27.4&Prime; _module_preset=\u00a0\u00bbdefault\u00a0\u00bb custom_margin=\u00a0\u00bb0px||0px||false|false\u00a0\u00bb custom_padding=\u00a0\u00bb0px||0px||false|false\u00a0\u00bb global_colors_info=\u00a0\u00bb{}\u00a0\u00bb][\/et_pb_image][\/et_pb_column][\/et_pb_row][et_pb_row column_structure=\u00a0\u00bb1_2,1_2&Prime; _builder_version=\u00a0\u00bb4.27.4&Prime; _module_preset=\u00a0\u00bbdefault\u00a0\u00bb global_colors_info=\u00a0\u00bb{}\u00a0\u00bb][et_pb_column type=\u00a0\u00bb1_2&Prime; _builder_version=\u00a0\u00bb4.27.4&Prime; _module_preset=\u00a0\u00bbdefault\u00a0\u00bb global_colors_info=\u00a0\u00bb{}\u00a0\u00bb][et_pb_image src=\u00a0\u00bbhttps:\/\/mapetiteplanete.org\/wp-content\/uploads\/2025\/04\/Recevez-le-contenu-gratuitement-502-x-502-px-502-x-300-px.png\u00a0\u00bb title_text=\u00a0\u00bbRecevez le contenu gratuitement (502 x 502 px) (502 x 300 px)\u00a0\u00bb disabled_on=\u00a0\u00bbon|on|off\u00a0\u00bb _builder_version=\u00a0\u00bb4.27.4&Prime; _module_preset=\u00a0\u00bbdefault\u00a0\u00bb global_colors_info=\u00a0\u00bb{}\u00a0\u00bb][\/et_pb_image][\/et_pb_column][et_pb_column type=\u00a0\u00bb1_2&Prime; _builder_version=\u00a0\u00bb4.27.4&Prime; _module_preset=\u00a0\u00bbdefault\u00a0\u00bb global_colors_info=\u00a0\u00bb{}\u00a0\u00bb][et_pb_code _builder_version=\u00a0\u00bb4.27.4&Prime; _module_preset=\u00a0\u00bbdefault\u00a0\u00bb global_colors_info=\u00a0\u00bb{}\u00a0\u00bb]<script src=\"https:\/\/js-eu1.hsforms.net\/forms\/embed\/143635349.js\" defer><\/script><!-- [et_pb_line_break_holder] --><div class=\"hs-form-frame\" data-region=\"eu1\" data-form-id=\"cfb7c9ba-9ff5-4aeb-af83-e097ee917a9f\" data-portal-id=\"143635349\"><\/div>[\/et_pb_code][\/et_pb_column][\/et_pb_row][\/et_pb_section][et_pb_section fb_built=\u00a0\u00bb1&Prime; _builder_version=\u00a0\u00bb4.20.4&Prime; _module_preset=\u00a0\u00bbdefault\u00a0\u00bb custom_padding=\u00a0\u00bb17px|||||\u00a0\u00bb da_disable_devices=\u00a0\u00bboff|off|off\u00a0\u00bb global_colors_info=\u00a0\u00bb{}\u00a0\u00bb da_is_popup=\u00a0\u00bboff\u00a0\u00bb da_exit_intent=\u00a0\u00bboff\u00a0\u00bb da_has_close=\u00a0\u00bbon\u00a0\u00bb da_alt_close=\u00a0\u00bboff\u00a0\u00bb da_dark_close=\u00a0\u00bboff\u00a0\u00bb da_not_modal=\u00a0\u00bbon\u00a0\u00bb da_is_singular=\u00a0\u00bboff\u00a0\u00bb da_with_loader=\u00a0\u00bboff\u00a0\u00bb da_has_shadow=\u00a0\u00bbon\u00a0\u00bb][et_pb_row column_structure=\u00a0\u00bb1_3,1_3,1_3&Prime; _builder_version=\u00a0\u00bb4.20.4&Prime; _module_preset=\u00a0\u00bbdefault\u00a0\u00bb global_colors_info=\u00a0\u00bb{}\u00a0\u00bb][et_pb_column type=\u00a0\u00bb1_3&Prime; _builder_version=\u00a0\u00bb4.20.4&Prime; _module_preset=\u00a0\u00bbdefault\u00a0\u00bb global_colors_info=\u00a0\u00bb{}\u00a0\u00bb][et_pb_cta title=\u00a0\u00bbUn questionnaire cl\u00e9 en main\u00a0\u00bb button_text=\u00a0\u00bbClics\u00a0\u00bb _builder_version=\u00a0\u00bb4.20.4&Prime; _module_preset=\u00a0\u00bbdefault\u00a0\u00bb header_font=\u00a0\u00bbPoppins||||||||\u00a0\u00bb body_font=\u00a0\u00bbPoppins||||||||\u00a0\u00bb background_color=\u00a0\u00bb#59CEA8&Prime; border_radii=\u00a0\u00bbon|12px|12px|12px|12px\u00a0\u00bb border_color_all=\u00a0\u00bb#2C2C69&Prime; border_width_left=\u00a0\u00bb4px\u00a0\u00bb global_colors_info=\u00a0\u00bb{}\u00a0\u00bb]<p style=\"text-align: left;\">Dans le kit, vous trouverez un questionnaire sur l&rsquo;outil Tally pour interroger vos salari\u00e9.e.s sur :<br \/>&#8211; leur sensibilit\u00e9 \u00e9cologique<br \/>&#8211; leur vision de votre entreprise sur les questions \u00e9cologiques<\/p>[\/et_pb_cta][\/et_pb_column][et_pb_column type=\u00a0\u00bb1_3&Prime; _builder_version=\u00a0\u00bb4.20.4&Prime; _module_preset=\u00a0\u00bbdefault\u00a0\u00bb global_colors_info=\u00a0\u00bb{}\u00a0\u00bb][et_pb_cta title=\u00a0\u00bbUn tableau d&rsquo;analyse des r\u00e9sultats\u00a0\u00bb button_text=\u00a0\u00bbClics\u00a0\u00bb _builder_version=\u00a0\u00bb4.20.4&Prime; _module_preset=\u00a0\u00bbdefault\u00a0\u00bb header_text_color=\u00a0\u00bb#2C2C69&Prime; body_font=\u00a0\u00bbPoppins||||||||\u00a0\u00bb background_color=\u00a0\u00bb#D1EFF5&Prime; border_radii=\u00a0\u00bbon|12px|12px|12px|12px\u00a0\u00bb border_width_left=\u00a0\u00bb4px\u00a0\u00bb border_color_left=\u00a0\u00bb#2C2C69&Prime; global_colors_info=\u00a0\u00bb{}\u00a0\u00bb]<p style=\"text-align: left;\"><span style=\"color: #000080;\">Ce tableau vous permettra d&rsquo;analyser les r\u00e9sultats du questionnaire pour avoir des pistes d&rsquo;am\u00e9lioration concr\u00e8tes pour am\u00e9liorer le bien-\u00eatre de vos employ\u00e9.e.s.<\/span><\/p>[\/et_pb_cta][\/et_pb_column][et_pb_column type=\u00a0\u00bb1_3&Prime; _builder_version=\u00a0\u00bb4.20.4&Prime; _module_preset=\u00a0\u00bbdefault\u00a0\u00bb global_colors_info=\u00a0\u00bb{}\u00a0\u00bb][et_pb_cta title=\u00a0\u00bbLa liste des questions\u00a0\u00bb button_text=\u00a0\u00bbClics\u00a0\u00bb _builder_version=\u00a0\u00bb4.20.4&Prime; _module_preset=\u00a0\u00bbdefault\u00a0\u00bb body_font=\u00a0\u00bbPoppins||||||||\u00a0\u00bb background_color=\u00a0\u00bb#59CEA8&Prime; border_radii=\u00a0\u00bbon|12px|12px|12px|12px\u00a0\u00bb border_color_all=\u00a0\u00bb#2C2C69&Prime; border_width_left=\u00a0\u00bb4px\u00a0\u00bb global_colors_info=\u00a0\u00bb{}\u00a0\u00bb]<p style=\"text-align: left;\">Si Tally ne vous convient pas, nous vous mettons \u00e0 disposition les 13 questions. Libre \u00e0 vous de les utiliser avec votre propre format : Google Form ou m\u00eame un outil que vous utilisez en interne.<\/p>[\/et_pb_cta][\/et_pb_column][\/et_pb_row][\/et_pb_section]\n","protected":false},"excerpt":{"rendered":"<p>Le green check-up Le kit complet ! &nbsp; 84% des salari\u00e9s estiment que l&rsquo;engagement de leur entreprise en mati\u00e8re de d\u00e9veloppement durable est un crit\u00e8re important pour eux. Seulement 35% ont conscience des actions de leur entreprise. Et vous ? Pour faire une vue d&rsquo;ensemble de l&rsquo;existant dans votre structure, on vous propose :\u00a0 \u2753Questionnaire [&hellip;]<\/p>\n","protected":false},"author":28,"featured_media":0,"parent":38367,"menu_order":0,"comment_status":"closed","ping_status":"closed","template":"","meta":{"_et_pb_use_builder":"on","_et_pb_old_content":"","_et_gb_content_width":"","content-type":"","inline_featured_image":false,"footnotes":""},"class_list":["post-33434","page","type-page","status-publish","hentry"],"yoast_head":"<!-- This site is optimized with the Yoast SEO plugin v27.4 - https:\/\/yoast.com\/product\/yoast-seo-wordpress\/ -->\n<title>Green Check-up - Ma Petite Plan\u00e8te<\/title>\n<meta name=\"robots\" content=\"index, follow, max-snippet:-1, max-image-preview:large, max-video-preview:-1\" \/>\n<link rel=\"canonical\" href=\"https:\/\/mapetiteplanete.org\/en\/ressources-pro\/green-check-up\/\" \/>\n<meta property=\"og:locale\" content=\"en_GB\" \/>\n<meta property=\"og:type\" content=\"article\" \/>\n<meta property=\"og:title\" content=\"Green Check-up - Ma Petite Plan\u00e8te\" \/>\n<meta property=\"og:description\" content=\"Le green check-up Le kit complet ! &nbsp; 84% des salari\u00e9s estiment que l&#039;engagement de leur entreprise en mati\u00e8re de d\u00e9veloppement durable est un crit\u00e8re important pour eux. Seulement 35% ont conscience des actions de leur entreprise. Et vous ? Pour faire une vue d&#039;ensemble de l&#039;existant dans votre structure, on vous propose :\u00a0 \u2753Questionnaire [&hellip;]\" \/>\n<meta property=\"og:url\" content=\"https:\/\/mapetiteplanete.org\/en\/ressources-pro\/green-check-up\/\" \/>\n<meta property=\"og:site_name\" content=\"Ma Petite Plan\u00e8te\" \/>\n<meta property=\"article:publisher\" content=\"https:\/\/www.facebook.com\/MaPetitePlaneteLeJeu\" \/>\n<meta property=\"article:modified_time\" content=\"2025-06-10T16:23:08+00:00\" \/>\n<meta property=\"og:image\" content=\"https:\/\/mapetiteplanete.org\/wp-content\/uploads\/2021\/02\/Logos_MPP_Vectorise-couleur-1.png\" \/>\n\t<meta property=\"og:image:width\" content=\"591\" \/>\n\t<meta property=\"og:image:height\" content=\"277\" \/>\n\t<meta property=\"og:image:type\" content=\"image\/png\" \/>\n<meta name=\"twitter:card\" content=\"summary_large_image\" \/>\n<script type=\"application\/ld+json\" class=\"yoast-schema-graph\">{\"@context\":\"https:\\\/\\\/schema.org\",\"@graph\":[{\"@type\":\"WebPage\",\"@id\":\"https:\\\/\\\/mapetiteplanete.org\\\/ressources-pro\\\/green-check-up\\\/\",\"url\":\"https:\\\/\\\/mapetiteplanete.org\\\/ressources-pro\\\/green-check-up\\\/\",\"name\":\"Green Check-up - Ma Petite Plan\u00e8te\",\"isPartOf\":{\"@id\":\"https:\\\/\\\/mapetiteplanete.org\\\/#website\"},\"datePublished\":\"2023-07-31T13:45:53+00:00\",\"dateModified\":\"2025-06-10T16:23:08+00:00\",\"breadcrumb\":{\"@id\":\"https:\\\/\\\/mapetiteplanete.org\\\/ressources-pro\\\/green-check-up\\\/#breadcrumb\"},\"inLanguage\":\"en-GB\",\"potentialAction\":[{\"@type\":\"ReadAction\",\"target\":[\"https:\\\/\\\/mapetiteplanete.org\\\/ressources-pro\\\/green-check-up\\\/\"]}]},{\"@type\":\"BreadcrumbList\",\"@id\":\"https:\\\/\\\/mapetiteplanete.org\\\/ressources-pro\\\/green-check-up\\\/#breadcrumb\",\"itemListElement\":[{\"@type\":\"ListItem\",\"position\":1,\"name\":\"MPP, challenge \u00e9cologique\",\"item\":\"https:\\\/\\\/mapetiteplanete.org\\\/\"},{\"@type\":\"ListItem\",\"position\":2,\"name\":\"Ressources pro\",\"item\":\"https:\\\/\\\/mapetiteplanete.org\\\/ressources-pro\\\/\"},{\"@type\":\"ListItem\",\"position\":3,\"name\":\"Green Check-up\"}]},{\"@type\":\"WebSite\",\"@id\":\"https:\\\/\\\/mapetiteplanete.org\\\/#website\",\"url\":\"https:\\\/\\\/mapetiteplanete.org\\\/\",\"name\":\"Ma Petite Plan\u00e8te\",\"description\":\"La comp\u00e9tition de d\u00e9fis \u00e9cologiques\",\"publisher\":{\"@id\":\"https:\\\/\\\/mapetiteplanete.org\\\/#organization\"},\"potentialAction\":[{\"@type\":\"SearchAction\",\"target\":{\"@type\":\"EntryPoint\",\"urlTemplate\":\"https:\\\/\\\/mapetiteplanete.org\\\/?s={search_term_string}\"},\"query-input\":{\"@type\":\"PropertyValueSpecification\",\"valueRequired\":true,\"valueName\":\"search_term_string\"}}],\"inLanguage\":\"en-GB\"},{\"@type\":\"Organization\",\"@id\":\"https:\\\/\\\/mapetiteplanete.org\\\/#organization\",\"name\":\"Ma Petite Planete\",\"url\":\"https:\\\/\\\/mapetiteplanete.org\\\/\",\"logo\":{\"@type\":\"ImageObject\",\"inLanguage\":\"en-GB\",\"@id\":\"https:\\\/\\\/mapetiteplanete.org\\\/#\\\/schema\\\/logo\\\/image\\\/\",\"url\":\"https:\\\/\\\/mapetiteplanete.org\\\/wp-content\\\/uploads\\\/2020\\\/10\\\/cropped-logo_mpp.png\",\"contentUrl\":\"https:\\\/\\\/mapetiteplanete.org\\\/wp-content\\\/uploads\\\/2020\\\/10\\\/cropped-logo_mpp.png\",\"width\":512,\"height\":512,\"caption\":\"Ma Petite Planete\"},\"image\":{\"@id\":\"https:\\\/\\\/mapetiteplanete.org\\\/#\\\/schema\\\/logo\\\/image\\\/\"},\"sameAs\":[\"https:\\\/\\\/www.facebook.com\\\/MaPetitePlaneteLeJeu\",\"https:\\\/\\\/www.instagram.com\\\/mapetiteplanete_le_jeu\\\/\",\"https:\\\/\\\/www.linkedin.com\\\/company\\\/ma-petite-plante\\\/?viewAsMember=true\"]}]}<\/script>\n<!-- \/ Yoast SEO plugin. -->","yoast_head_json":{"title":"Green Check-up - Ma Petite Plan\u00e8te","robots":{"index":"index","follow":"follow","max-snippet":"max-snippet:-1","max-image-preview":"max-image-preview:large","max-video-preview":"max-video-preview:-1"},"canonical":"https:\/\/mapetiteplanete.org\/en\/ressources-pro\/green-check-up\/","og_locale":"en_GB","og_type":"article","og_title":"Green Check-up - Ma Petite Plan\u00e8te","og_description":"Le green check-up Le kit complet ! &nbsp; 84% des salari\u00e9s estiment que l'engagement de leur entreprise en mati\u00e8re de d\u00e9veloppement durable est un crit\u00e8re important pour eux. Seulement 35% ont conscience des actions de leur entreprise. Et vous ? Pour faire une vue d'ensemble de l'existant dans votre structure, on vous propose :\u00a0 \u2753Questionnaire [&hellip;]","og_url":"https:\/\/mapetiteplanete.org\/en\/ressources-pro\/green-check-up\/","og_site_name":"Ma Petite Plan\u00e8te","article_publisher":"https:\/\/www.facebook.com\/MaPetitePlaneteLeJeu","article_modified_time":"2025-06-10T16:23:08+00:00","og_image":[{"width":591,"height":277,"url":"https:\/\/mapetiteplanete.org\/wp-content\/uploads\/2021\/02\/Logos_MPP_Vectorise-couleur-1.png","type":"image\/png"}],"twitter_card":"summary_large_image","schema":{"@context":"https:\/\/schema.org","@graph":[{"@type":"WebPage","@id":"https:\/\/mapetiteplanete.org\/ressources-pro\/green-check-up\/","url":"https:\/\/mapetiteplanete.org\/ressources-pro\/green-check-up\/","name":"Green Check-up - Ma Petite Plan\u00e8te","isPartOf":{"@id":"https:\/\/mapetiteplanete.org\/#website"},"datePublished":"2023-07-31T13:45:53+00:00","dateModified":"2025-06-10T16:23:08+00:00","breadcrumb":{"@id":"https:\/\/mapetiteplanete.org\/ressources-pro\/green-check-up\/#breadcrumb"},"inLanguage":"en-GB","potentialAction":[{"@type":"ReadAction","target":["https:\/\/mapetiteplanete.org\/ressources-pro\/green-check-up\/"]}]},{"@type":"BreadcrumbList","@id":"https:\/\/mapetiteplanete.org\/ressources-pro\/green-check-up\/#breadcrumb","itemListElement":[{"@type":"ListItem","position":1,"name":"MPP, challenge \u00e9cologique","item":"https:\/\/mapetiteplanete.org\/"},{"@type":"ListItem","position":2,"name":"Ressources pro","item":"https:\/\/mapetiteplanete.org\/ressources-pro\/"},{"@type":"ListItem","position":3,"name":"Green Check-up"}]},{"@type":"WebSite","@id":"https:\/\/mapetiteplanete.org\/#website","url":"https:\/\/mapetiteplanete.org\/","name":"Ma Petite Plan\u00e8te School","description":"The Green Challenge Competition","publisher":{"@id":"https:\/\/mapetiteplanete.org\/#organization"},"potentialAction":[{"@type":"SearchAction","target":{"@type":"EntryPoint","urlTemplate":"https:\/\/mapetiteplanete.org\/?s={search_term_string}"},"query-input":{"@type":"PropertyValueSpecification","valueRequired":true,"valueName":"search_term_string"}}],"inLanguage":"en-GB"},{"@type":"Organization","@id":"https:\/\/mapetiteplanete.org\/#organization","name":"My Little Planet","url":"https:\/\/mapetiteplanete.org\/","logo":{"@type":"ImageObject","inLanguage":"en-GB","@id":"https:\/\/mapetiteplanete.org\/#\/schema\/logo\/image\/","url":"https:\/\/mapetiteplanete.org\/wp-content\/uploads\/2020\/10\/cropped-logo_mpp.png","contentUrl":"https:\/\/mapetiteplanete.org\/wp-content\/uploads\/2020\/10\/cropped-logo_mpp.png","width":512,"height":512,"caption":"Ma Petite Planete"},"image":{"@id":"https:\/\/mapetiteplanete.org\/#\/schema\/logo\/image\/"},"sameAs":["https:\/\/www.facebook.com\/MaPetitePlaneteLeJeu","https:\/\/www.instagram.com\/mapetiteplanete_le_jeu\/","https:\/\/www.linkedin.com\/company\/ma-petite-plante\/?viewAsMember=true"]}]}},"_links":{"self":[{"href":"https:\/\/mapetiteplanete.org\/en\/wp-json\/wp\/v2\/pages\/33434","targetHints":{"allow":["GET"]}}],"collection":[{"href":"https:\/\/mapetiteplanete.org\/en\/wp-json\/wp\/v2\/pages"}],"about":[{"href":"https:\/\/mapetiteplanete.org\/en\/wp-json\/wp\/v2\/types\/page"}],"author":[{"embeddable":true,"href":"https:\/\/mapetiteplanete.org\/en\/wp-json\/wp\/v2\/users\/28"}],"replies":[{"embeddable":true,"href":"https:\/\/mapetiteplanete.org\/en\/wp-json\/wp\/v2\/comments?post=33434"}],"version-history":[{"count":30,"href":"https:\/\/mapetiteplanete.org\/en\/wp-json\/wp\/v2\/pages\/33434\/revisions"}],"predecessor-version":[{"id":38380,"href":"https:\/\/mapetiteplanete.org\/en\/wp-json\/wp\/v2\/pages\/33434\/revisions\/38380"}],"up":[{"embeddable":true,"href":"https:\/\/mapetiteplanete.org\/en\/wp-json\/wp\/v2\/pages\/38367"}],"wp:attachment":[{"href":"https:\/\/mapetiteplanete.org\/en\/wp-json\/wp\/v2\/media?parent=33434"}],"curies":[{"name":"wp","href":"https:\/\/api.w.org\/{rel}","templated":true}]}}