{"id":29752,"date":"2022-06-29T22:55:17","date_gmt":"2022-06-29T20:55:17","guid":{"rendered":"https:\/\/mapetiteplanete.org\/?page_id=29752"},"modified":"2025-07-09T11:05:57","modified_gmt":"2025-07-09T09:05:57","slug":"blog","status":"publish","type":"page","link":"https:\/\/mapetiteplanete.org\/en\/blog\/","title":{"rendered":"Blog"},"content":{"rendered":"<p>[et_pb_section fb_built=\u00a0\u00bb1&Prime; _builder_version=\u00a0\u00bb4.17.4&Prime; _module_preset=\u00a0\u00bbdefault\u00a0\u00bb global_colors_info=\u00a0\u00bb{}\u00a0\u00bb da_is_popup=\u00a0\u00bboff\u00a0\u00bb da_exit_intent=\u00a0\u00bboff\u00a0\u00bb da_has_close=\u00a0\u00bbon\u00a0\u00bb da_alt_close=\u00a0\u00bboff\u00a0\u00bb da_dark_close=\u00a0\u00bboff\u00a0\u00bb da_not_modal=\u00a0\u00bbon\u00a0\u00bb da_is_singular=\u00a0\u00bboff\u00a0\u00bb da_with_loader=\u00a0\u00bboff\u00a0\u00bb da_has_shadow=\u00a0\u00bbon\u00a0\u00bb da_disable_devices=\u00a0\u00bboff|off|off\u00a0\u00bb][et_pb_row column_structure=\u00a0\u00bb1_2,1_2&Prime; _builder_version=\u00a0\u00bb4.18.0&Prime; _module_preset=\u00a0\u00bbdefault\u00a0\u00bb global_colors_info=\u00a0\u00bb{}\u00a0\u00bb][et_pb_column type=\u00a0\u00bb1_2&Prime; _builder_version=\u00a0\u00bb4.17.4&Prime; _module_preset=\u00a0\u00bbdefault\u00a0\u00bb global_colors_info=\u00a0\u00bb{}\u00a0\u00bb][et_pb_text _builder_version=\u00a0\u00bb4.17.4&Prime; _module_preset=\u00a0\u00bbdefault\u00a0\u00bb text_font=\u00a0\u00bbPoppins||||||||\u00a0\u00bb text_letter_spacing=\u00a0\u00bb2px\u00a0\u00bb global_colors_info=\u00a0\u00bb{}\u00a0\u00bb]<\/p>\n<p><span style=\"color: #ef6b51;\">ZOOM PLAN\u00c8TE<\/span><\/p>\n<p>[\/et_pb_text][et_pb_text _builder_version=\u00a0\u00bb4.20.4&Prime; _module_preset=\u00a0\u00bbdefault\u00a0\u00bb text_font=\u00a0\u00bbPoppins|600|||||||\u00a0\u00bb global_colors_info=\u00a0\u00bb{}\u00a0\u00bb]<\/p>\n<h1><span style=\"color: #2c2c69;\">La Biodiversit\u00e9<\/span><\/h1>\n<p>[\/et_pb_text][et_pb_text _builder_version=\u00a0\u00bb4.25.0&Prime; _module_preset=\u00a0\u00bbdefault\u00a0\u00bb text_font=\u00a0\u00bbPoppins|300|||||||\u00a0\u00bb text_text_color=\u00a0\u00bb#2C2C69&Prime; text_font_size=\u00a0\u00bb16px\u00a0\u00bb text_line_height=\u00a0\u00bb1.9em\u00a0\u00bb global_colors_info=\u00a0\u00bb{}\u00a0\u00bb]<\/p>\n<p><span data-metadata=\"&lt;!--(figmeta)eyJmaWxlS2V5IjoiYkF5cWFTenlxMWdHT2h2RmV0dWQwbCIsInBhc3RlSUQiOjE3NTI5NTU2ODMsImRhdGFUeXBlIjoic2NlbmUifQo=(\/figmeta)--&gt;\"><\/span><span style=\"font-weight: 400;\">Entre chaque \u00e9dition, retrouve un dossier sp\u00e9cial sur une th\u00e9matique \u00e9colo ! <\/span><span style=\"font-weight: 400;\"><br \/><\/span><span style=\"font-weight: 400;\"><\/span><\/p>\n<p><span style=\"font-weight: 400;\">Le th\u00e8me du moment ?<strong> La Biodiversit\u00e9<\/strong> \ud83d\udc1d<\/span><\/p>\n<p><span style=\"font-weight: 400;\"><\/span><\/p>\n<p><em>DU 28 F\u00c9VRIER au 25 juillet 2024<\/em><\/p>\n<p>[\/et_pb_text][et_pb_text _builder_version=\u00a0\u00bb4.20.4&Prime; _module_preset=\u00a0\u00bbdefault\u00a0\u00bb text_font=\u00a0\u00bbPoppins||||||||\u00a0\u00bb text_text_color=\u00a0\u00bb#2C2C69&Prime; text_letter_spacing=\u00a0\u00bb1px\u00a0\u00bb text_orientation=\u00a0\u00bbright\u00a0\u00bb global_colors_info=\u00a0\u00bb{}\u00a0\u00bb][\/et_pb_text][et_pb_button button_url=\u00a0\u00bb@ET-DC@eyJkeW5hbWljIjp0cnVlLCJjb250ZW50IjoicG9zdF9saW5rX3VybF9wYWdlIiwic2V0dGluZ3MiOnsicG9zdF9pZCI6IjM1NTAyIn19@\u00a0\u00bb button_text=\u00a0\u00bbVOIR TOUS LES ARTICLES\u00a0\u00bb _builder_version=\u00a0\u00bb4.25.0&Prime; _dynamic_attributes=\u00a0\u00bbbutton_url\u00a0\u00bb _module_preset=\u00a0\u00bbdefault\u00a0\u00bb custom_button=\u00a0\u00bbon\u00a0\u00bb button_text_size=\u00a0\u00bb13px\u00a0\u00bb button_text_color=\u00a0\u00bb#ffffff\u00a0\u00bb button_bg_color=\u00a0\u00bb#F9DC6C\u00a0\u00bb button_border_width=\u00a0\u00bb0px\u00a0\u00bb button_border_radius=\u00a0\u00bb45px\u00a0\u00bb button_letter_spacing=\u00a0\u00bb3px\u00a0\u00bb button_font=\u00a0\u00bbPoppins|700|||||||\u00a0\u00bb button_use_icon=\u00a0\u00bboff\u00a0\u00bb custom_margin=\u00a0\u00bb||||false|false\u00a0\u00bb custom_padding=\u00a0\u00bb13px||8px||false|false\u00a0\u00bb global_colors_info=\u00a0\u00bb{}\u00a0\u00bb button_text__hover_enabled=\u00a0\u00bbon|desktop\u00a0\u00bb button_text__hover=\u00a0\u00bbVOIR TOUS LES ARTICLES\u00a0\u00bb][\/et_pb_button][\/et_pb_column][et_pb_column type=\u00a0\u00bb1_2&Prime; _builder_version=\u00a0\u00bb4.17.4&Prime; _module_preset=\u00a0\u00bbdefault\u00a0\u00bb global_colors_info=\u00a0\u00bb{}\u00a0\u00bb][et_pb_image src=\u00a0\u00bbhttps:\/\/mapetiteplanete.org\/wp-content\/uploads\/2024\/03\/Group-6.png\u00a0\u00bb title_text=\u00a0\u00bbGroup 6&Prime; align=\u00a0\u00bbright\u00a0\u00bb align_tablet=\u00a0\u00bbright\u00a0\u00bb align_phone=\u00a0\u00bbcenter\u00a0\u00bb align_last_edited=\u00a0\u00bbon|phone\u00a0\u00bb _builder_version=\u00a0\u00bb4.20.4&Prime; _module_preset=\u00a0\u00bbdefault\u00a0\u00bb background_enable_color=\u00a0\u00bboff\u00a0\u00bb transform_scale=\u00a0\u00bb182%|182%\u00a0\u00bb width=\u00a0\u00bb67%\u00a0\u00bb width_tablet=\u00a0\u00bb37%\u00a0\u00bb width_phone=\u00a0\u00bb42%\u00a0\u00bb width_last_edited=\u00a0\u00bbon|tablet\u00a0\u00bb module_alignment=\u00a0\u00bbright\u00a0\u00bb custom_margin=\u00a0\u00bb16%|-155%|12px|28px|false|false\u00a0\u00bb custom_margin_tablet=\u00a0\u00bb-41px|0px|15px||false|false\u00a0\u00bb custom_margin_phone=\u00a0\u00bb26px|0px|0px||false|false\u00a0\u00bb custom_margin_last_edited=\u00a0\u00bbon|phone\u00a0\u00bb custom_padding=\u00a0\u00bb0px|0px||0px|false|false\u00a0\u00bb module_alignment_tablet=\u00a0\u00bbright\u00a0\u00bb module_alignment_phone=\u00a0\u00bbcenter\u00a0\u00bb module_alignment_last_edited=\u00a0\u00bbon|phone\u00a0\u00bb global_colors_info=\u00a0\u00bb{}\u00a0\u00bb][\/et_pb_image][\/et_pb_column][\/et_pb_row][et_pb_row _builder_version=\u00a0\u00bb4.17.4&Prime; _module_preset=\u00a0\u00bbdefault\u00a0\u00bb global_colors_info=\u00a0\u00bb{}\u00a0\u00bb][et_pb_column type=\u00a0\u00bb4_4&Prime; _builder_version=\u00a0\u00bb4.17.4&Prime; _module_preset=\u00a0\u00bbdefault\u00a0\u00bb global_colors_info=\u00a0\u00bb{}\u00a0\u00bb][et_pb_blog fullwidth=\u00a0\u00bboff\u00a0\u00bb posts_number=\u00a0\u00bb3&Prime; include_categories=\u00a0\u00bb53&Prime; meta_date=\u00a0\u00bb- j.m.Y\u00a0\u00bb show_author=\u00a0\u00bboff\u00a0\u00bb show_categories=\u00a0\u00bboff\u00a0\u00bb show_excerpt=\u00a0\u00bboff\u00a0\u00bb show_pagination=\u00a0\u00bboff\u00a0\u00bb masonry_tile_background_color=\u00a0\u00bb#F9DC6C\u00a0\u00bb _builder_version=\u00a0\u00bb4.19.2&Prime; _module_preset=\u00a0\u00bbdefault\u00a0\u00bb header_font=\u00a0\u00bbPoppins|600|||||||\u00a0\u00bb header_text_align=\u00a0\u00bbleft\u00a0\u00bb header_text_color=\u00a0\u00bb#333333&Prime; body_font=\u00a0\u00bbPoppins||||||||\u00a0\u00bb body_text_color=\u00a0\u00bb#333333&Prime; meta_font=\u00a0\u00bbPoppins|300|||||||\u00a0\u00bb meta_text_color=\u00a0\u00bb#333333&Prime; background_color=\u00a0\u00bb#ffffff\u00a0\u00bb background_enable_mask_style=\u00a0\u00bbon\u00a0\u00bb text_orientation=\u00a0\u00bbleft\u00a0\u00bb module_alignment=\u00a0\u00bbleft\u00a0\u00bb border_radii=\u00a0\u00bbon|14px|14px|14px|14px\u00a0\u00bb border_width_all=\u00a0\u00bb0px\u00a0\u00bb border_color_all=\u00a0\u00bb#21BE8B\u00a0\u00bb border_color_all_image=\u00a0\u00bb#21BE8B\u00a0\u00bb border_style_all_image=\u00a0\u00bbnone\u00a0\u00bb global_colors_info=\u00a0\u00bb{}\u00a0\u00bb show_thumbnail__hover_enabled=\u00a0\u00bbon|hover\u00a0\u00bb][\/et_pb_blog][\/et_pb_column][\/et_pb_row][et_pb_row column_structure=\u00a0\u00bb1_2,1_2&Prime; _builder_version=\u00a0\u00bb4.17.4&Prime; _module_preset=\u00a0\u00bbdefault\u00a0\u00bb global_colors_info=\u00a0\u00bb{}\u00a0\u00bb][et_pb_column type=\u00a0\u00bb1_2&Prime; _builder_version=\u00a0\u00bb4.17.4&Prime; _module_preset=\u00a0\u00bbdefault\u00a0\u00bb global_colors_info=\u00a0\u00bb{}\u00a0\u00bb][et_pb_text _builder_version=\u00a0\u00bb4.17.6&Prime; _module_preset=\u00a0\u00bbdefault\u00a0\u00bb text_font=\u00a0\u00bbPoppins||||||||\u00a0\u00bb text_text_color=\u00a0\u00bb#EF6B51&Prime; global_colors_info=\u00a0\u00bb{}\u00a0\u00bb]<\/p>\n<p>MA PETITE MAP&rsquo;<\/p>\n<p>[\/et_pb_text][et_pb_text _builder_version=\u00a0\u00bb4.17.6&Prime; _module_preset=\u00a0\u00bbdefault\u00a0\u00bb text_text_color=\u00a0\u00bb#2C2C69&Prime; header_text_color=\u00a0\u00bb#2C2C69&Prime; header_line_height=\u00a0\u00bb1.2em\u00a0\u00bb global_colors_info=\u00a0\u00bb{}\u00a0\u00bb]<\/p>\n<h1><span style=\"color: #2c2c69;\">D\u00e9couvre les bons coins MPP avec notre map !<\/span><\/h1>\n<p>[\/et_pb_text][et_pb_text _builder_version=\u00a0\u00bb4.17.6&Prime; _module_preset=\u00a0\u00bbdefault\u00a0\u00bb text_font=\u00a0\u00bbPoppins|300|||||||\u00a0\u00bb text_text_color=\u00a0\u00bb#2C2C69&Prime; text_font_size=\u00a0\u00bb16px\u00a0\u00bb text_line_height=\u00a0\u00bb1.9em\u00a0\u00bb global_colors_info=\u00a0\u00bb{}\u00a0\u00bb]<\/p>\n<p><span style=\"font-weight: 400;\">Une carte interactive pour d\u00e9couvrir un max de bonnes adresses : \u00e9colieux, repair caf\u00e9, restaurants v\u00e9g\u00e9taux, caf\u00e9 associatif, couturier\u00b7e\u00b7s, cordonnier\u00b7e\u00b7s, fleuristes, brasserie\u2026 Bref, l\u2019outil qu\u2019il te faut pour vivre la vie en VERT ! <\/span><span style=\"font-weight: 400;\"><\/span><\/p>\n<p>[\/et_pb_text][et_pb_button button_url=\u00a0\u00bb@ET-DC@eyJkeW5hbWljIjp0cnVlLCJjb250ZW50IjoicG9zdF9saW5rX3VybF9wYWdlIiwic2V0dGluZ3MiOnsicG9zdF9pZCI6IjMwMTA2In19@\u00a0\u00bb button_text=\u00a0\u00bbD\u00c9COUVRIR\u00a0\u00bb _builder_version=\u00a0\u00bb4.17.4&Prime; _dynamic_attributes=\u00a0\u00bbbutton_url\u00a0\u00bb _module_preset=\u00a0\u00bbdefault\u00a0\u00bb custom_button=\u00a0\u00bbon\u00a0\u00bb button_text_size=\u00a0\u00bb13px\u00a0\u00bb button_text_color=\u00a0\u00bb#ffffff\u00a0\u00bb button_bg_color=\u00a0\u00bb#2C2C69&Prime; button_border_width=\u00a0\u00bb0px\u00a0\u00bb button_border_radius=\u00a0\u00bb45px\u00a0\u00bb button_letter_spacing=\u00a0\u00bb3px\u00a0\u00bb button_font=\u00a0\u00bbPoppins|700|||||||\u00a0\u00bb button_use_icon=\u00a0\u00bboff\u00a0\u00bb custom_margin=\u00a0\u00bb||||false|false\u00a0\u00bb custom_padding=\u00a0\u00bb13px||8px||false|false\u00a0\u00bb global_colors_info=\u00a0\u00bb{}\u00a0\u00bb button_text__hover_enabled=\u00a0\u00bbon|desktop\u00a0\u00bb button_text__hover=\u00a0\u00bbD\u00c9COUVRIR\u00a0\u00bb][\/et_pb_button][\/et_pb_column][et_pb_column type=\u00a0\u00bb1_2&Prime; _builder_version=\u00a0\u00bb4.17.4&Prime; _module_preset=\u00a0\u00bbdefault\u00a0\u00bb global_colors_info=\u00a0\u00bb{}\u00a0\u00bb][et_pb_image src=\u00a0\u00bbhttps:\/\/mapetiteplanete.org\/wp-content\/uploads\/2022\/06\/Group-1.png\u00a0\u00bb title_text=\u00a0\u00bbGroup 1&Prime; _builder_version=\u00a0\u00bb4.17.4&Prime; _module_preset=\u00a0\u00bbdefault\u00a0\u00bb global_colors_info=\u00a0\u00bb{}\u00a0\u00bb][\/et_pb_image][\/et_pb_column][\/et_pb_row][et_pb_row _builder_version=\u00a0\u00bb4.17.4&Prime; _module_preset=\u00a0\u00bbdefault\u00a0\u00bb global_colors_info=\u00a0\u00bb{}\u00a0\u00bb][et_pb_column type=\u00a0\u00bb4_4&Prime; _builder_version=\u00a0\u00bb4.17.4&Prime; _module_preset=\u00a0\u00bbdefault\u00a0\u00bb global_colors_info=\u00a0\u00bb{}\u00a0\u00bb][et_pb_divider color=\u00a0\u00bb#e5e5e5&Prime; divider_position=\u00a0\u00bbbottom\u00a0\u00bb _builder_version=\u00a0\u00bb4.17.4&Prime; _module_preset=\u00a0\u00bbdefault\u00a0\u00bb global_colors_info=\u00a0\u00bb{}\u00a0\u00bb][\/et_pb_divider][\/et_pb_column][\/et_pb_row][et_pb_row column_structure=\u00a0\u00bb3_4,1_4&Prime; _builder_version=\u00a0\u00bb4.17.4&Prime; _module_preset=\u00a0\u00bbdefault\u00a0\u00bb global_colors_info=\u00a0\u00bb{}\u00a0\u00bb][et_pb_column type=\u00a0\u00bb3_4&Prime; _builder_version=\u00a0\u00bb4.17.4&Prime; _module_preset=\u00a0\u00bbdefault\u00a0\u00bb global_colors_info=\u00a0\u00bb{}\u00a0\u00bb][et_pb_text _builder_version=\u00a0\u00bb4.17.4&Prime; _module_preset=\u00a0\u00bbdefault\u00a0\u00bb text_font=\u00a0\u00bbPoppins||||||||\u00a0\u00bb text_letter_spacing=\u00a0\u00bb2px\u00a0\u00bb custom_margin=\u00a0\u00bb||13px||false|false\u00a0\u00bb custom_padding=\u00a0\u00bb0px||||false|false\u00a0\u00bb global_colors_info=\u00a0\u00bb{}\u00a0\u00bb]<\/p>\n<p><span style=\"color: #ef6b51;\">PLAN\u00c8TE MPP<\/span><\/p>\n<p>[\/et_pb_text][et_pb_text _builder_version=\u00a0\u00bb4.17.6&Prime; _module_preset=\u00a0\u00bbdefault\u00a0\u00bb text_font=\u00a0\u00bbPoppins|600|||||||\u00a0\u00bb header_text_color=\u00a0\u00bb#2C2C69&Prime; global_colors_info=\u00a0\u00bb{}\u00a0\u00bb]<\/p>\n<h1><span style=\"color: #2c2c69;\">Les articles les plus r\u00e9cents<\/span><\/h1>\n<p>[\/et_pb_text][\/et_pb_column][et_pb_column type=\u00a0\u00bb1_4&Prime; _builder_version=\u00a0\u00bb4.17.4&Prime; _module_preset=\u00a0\u00bbdefault\u00a0\u00bb global_colors_info=\u00a0\u00bb{}\u00a0\u00bb][et_pb_button button_url=\u00a0\u00bb@ET-DC@eyJkeW5hbWljIjp0cnVlLCJjb250ZW50IjoicG9zdF9saW5rX3VybF9wYWdlIiwic2V0dGluZ3MiOnsicG9zdF9pZCI6IjMwMDQ5In19@\u00a0\u00bb button_text=\u00a0\u00bbVOIR\u00a0\u00bb button_alignment=\u00a0\u00bbright\u00a0\u00bb _builder_version=\u00a0\u00bb4.17.4&Prime; _dynamic_attributes=\u00a0\u00bbbutton_url\u00a0\u00bb _module_preset=\u00a0\u00bbdefault\u00a0\u00bb custom_button=\u00a0\u00bbon\u00a0\u00bb button_text_size=\u00a0\u00bb15px\u00a0\u00bb button_text_color=\u00a0\u00bb#ffffff\u00a0\u00bb button_bg_color=\u00a0\u00bb#21BE8B\u00a0\u00bb button_border_width=\u00a0\u00bb0px\u00a0\u00bb button_border_radius=\u00a0\u00bb30px\u00a0\u00bb button_letter_spacing=\u00a0\u00bb1px\u00a0\u00bb button_font=\u00a0\u00bbPoppins|600|||||||\u00a0\u00bb button_icon=\u00a0\u00bb&#xf067;||fa||900&Prime; button_icon_color=\u00a0\u00bb#F9DC6C\u00a0\u00bb button_on_hover=\u00a0\u00bboff\u00a0\u00bb custom_margin=\u00a0\u00bb13px||||false|false\u00a0\u00bb global_colors_info=\u00a0\u00bb{}\u00a0\u00bb][\/et_pb_button][\/et_pb_column][\/et_pb_row][et_pb_row _builder_version=\u00a0\u00bb4.17.4&Prime; _module_preset=\u00a0\u00bbdefault\u00a0\u00bb global_colors_info=\u00a0\u00bb{}\u00a0\u00bb][et_pb_column type=\u00a0\u00bb4_4&Prime; _builder_version=\u00a0\u00bb4.17.4&Prime; _module_preset=\u00a0\u00bbdefault\u00a0\u00bb global_colors_info=\u00a0\u00bb{}\u00a0\u00bb][et_pb_divider color=\u00a0\u00bb#e5e5e5&Prime; _builder_version=\u00a0\u00bb4.17.4&Prime; _module_preset=\u00a0\u00bbdefault\u00a0\u00bb global_colors_info=\u00a0\u00bb{}\u00a0\u00bb][\/et_pb_divider][\/et_pb_column][\/et_pb_row][et_pb_row _builder_version=\u00a0\u00bb4.17.4&Prime; _module_preset=\u00a0\u00bbdefault\u00a0\u00bb width=\u00a0\u00bb33%\u00a0\u00bb width_tablet=\u00a0\u00bb70%\u00a0\u00bb width_phone=\u00a0\u00bb80%\u00a0\u00bb width_last_edited=\u00a0\u00bbon|tablet\u00a0\u00bb global_colors_info=\u00a0\u00bb{}\u00a0\u00bb max_width__hover_enabled=\u00a0\u00bbon|desktop\u00a0\u00bb][et_pb_column type=\u00a0\u00bb4_4&Prime; _builder_version=\u00a0\u00bb4.17.4&Prime; _module_preset=\u00a0\u00bbdefault\u00a0\u00bb global_colors_info=\u00a0\u00bb{}\u00a0\u00bb][et_pb_post_slider posts_number=\u00a0\u00bb3&Prime; include_categories=\u00a0\u00bb35&Prime; show_pagination=\u00a0\u00bboff\u00a0\u00bb more_text=\u00a0\u00bb+\u00a0\u00bb excerpt_length=\u00a0\u00bb200&Prime; show_meta=\u00a0\u00bboff\u00a0\u00bb use_bg_overlay=\u00a0\u00bboff\u00a0\u00bb use_text_overlay=\u00a0\u00bboff\u00a0\u00bb arrows_custom_color=\u00a0\u00bb#2C2C69&Prime; dot_nav_custom_color=\u00a0\u00bb#8CD7E5&Prime; _builder_version=\u00a0\u00bb4.17.4&Prime; _dynamic_attributes=\u00a0\u00bbbackground_image\u00a0\u00bb _module_preset=\u00a0\u00bbdefault\u00a0\u00bb header_font=\u00a0\u00bbPoppins|500|||||||\u00a0\u00bb header_text_align=\u00a0\u00bbleft\u00a0\u00bb header_text_color=\u00a0\u00bb#333333&Prime; header_font_size=\u00a0\u00bb18px\u00a0\u00bb body_font=\u00a0\u00bbPoppins|300|||||||\u00a0\u00bb body_text_align=\u00a0\u00bbleft\u00a0\u00bb body_text_color=\u00a0\u00bb#878a92&Prime; body_line_height=\u00a0\u00bb1.8em\u00a0\u00bb background_color=\u00a0\u00bbRGBA(255,255,255,0)\u00a0\u00bb background_image=\u00a0\u00bb@ET-DC@eyJkeW5hbWljIjp0cnVlLCJjb250ZW50IjoicG9zdF9mZWF0dXJlZF9pbWFnZSIsInNldHRpbmdzIjp7fX0=@\u00a0\u00bb background_size=\u00a0\u00bbcontain\u00a0\u00bb background_position=\u00a0\u00bbtop_center\u00a0\u00bb background_vertical_offset=\u00a0\u00bb0%\u00a0\u00bb custom_button=\u00a0\u00bbon\u00a0\u00bb button_text_size=\u00a0\u00bb26px\u00a0\u00bb button_text_color=\u00a0\u00bb#ffffff\u00a0\u00bb button_bg_color=\u00a0\u00bb#EF6B51&Prime; button_border_width=\u00a0\u00bb5px\u00a0\u00bb button_border_color=\u00a0\u00bb#ffffff\u00a0\u00bb button_border_radius=\u00a0\u00bb100px\u00a0\u00bb button_font=\u00a0\u00bbPoppins||||||||\u00a0\u00bb button_use_icon=\u00a0\u00bboff\u00a0\u00bb button_alignment=\u00a0\u00bbcenter\u00a0\u00bb background_layout=\u00a0\u00bblight\u00a0\u00bb width=\u00a0\u00bb83%\u00a0\u00bb width_tablet=\u00a0\u00bb83%\u00a0\u00bb width_phone=\u00a0\u00bb100%\u00a0\u00bb width_last_edited=\u00a0\u00bbon|phone\u00a0\u00bb max_width=\u00a0\u00bb100%\u00a0\u00bb module_alignment=\u00a0\u00bbcenter\u00a0\u00bb content_width=\u00a0\u00bb84%\u00a0\u00bb height=\u00a0\u00bb35rem\u00a0\u00bb max_height=\u00a0\u00bb500rem\u00a0\u00bb custom_margin=\u00a0\u00bb||||false|false\u00a0\u00bb custom_padding=\u00a0\u00bb76%||0px||false|false\u00a0\u00bb border_radii=\u00a0\u00bbon|10px|10px|10px|10px\u00a0\u00bb border_radii_image=\u00a0\u00bboff||||\u00a0\u00bb border_color_all_image=\u00a0\u00bbRGBA(255,255,255,0)\u00a0\u00bb box_shadow_style=\u00a0\u00bbpreset3&Prime; box_shadow_style_button=\u00a0\u00bbpreset2&Prime; box_shadow_vertical_button=\u00a0\u00bb5px\u00a0\u00bb global_colors_info=\u00a0\u00bb{}\u00a0\u00bb][\/et_pb_post_slider][\/et_pb_column][\/et_pb_row][\/et_pb_section]<\/p>\n","protected":false},"excerpt":{"rendered":"<p>ZOOM PLAN\u00c8TELa Biodiversit\u00e9Entre chaque \u00e9dition, retrouve un dossier sp\u00e9cial sur une th\u00e9matique \u00e9colo ! Le th\u00e8me du moment ? La Biodiversit\u00e9 \ud83d\udc1d DU 28 F\u00c9VRIER au 25 juillet 2024MA PETITE MAP&rsquo;D\u00e9couvre les bons coins MPP avec notre map !Une carte interactive pour d\u00e9couvrir un max de bonnes adresses : \u00e9colieux, repair caf\u00e9, restaurants v\u00e9g\u00e9taux, caf\u00e9 [&hellip;]<\/p>\n","protected":false},"author":25,"featured_media":0,"parent":0,"menu_order":0,"comment_status":"closed","ping_status":"closed","template":"","meta":{"_et_pb_use_builder":"on","_et_pb_old_content":"","_et_gb_content_width":"","content-type":"","inline_featured_image":false,"footnotes":""},"class_list":["post-29752","page","type-page","status-publish","hentry"],"yoast_head":"<!-- This site is optimized with the Yoast SEO plugin v27.3 - https:\/\/yoast.com\/product\/yoast-seo-wordpress\/ -->\n<title>Blog - Ma Petite Plan\u00e8te<\/title>\n<meta name=\"robots\" content=\"index, follow, max-snippet:-1, max-image-preview:large, max-video-preview:-1\" \/>\n<link rel=\"canonical\" href=\"https:\/\/mapetiteplanete.org\/en\/blog\/\" \/>\n<meta property=\"og:locale\" content=\"en_GB\" \/>\n<meta property=\"og:type\" content=\"article\" \/>\n<meta property=\"og:title\" content=\"Blog - Ma Petite Plan\u00e8te\" \/>\n<meta property=\"og:description\" content=\"ZOOM PLAN\u00c8TELa Biodiversit\u00e9Entre chaque \u00e9dition, retrouve un dossier sp\u00e9cial sur une th\u00e9matique \u00e9colo ! Le th\u00e8me du moment ? La Biodiversit\u00e9 \ud83d\udc1d DU 28 F\u00c9VRIER au 25 juillet 2024MA PETITE MAP&#039;D\u00e9couvre les bons coins MPP avec notre map !Une carte interactive pour d\u00e9couvrir un max de bonnes adresses : \u00e9colieux, repair caf\u00e9, restaurants v\u00e9g\u00e9taux, caf\u00e9 [&hellip;]\" \/>\n<meta property=\"og:url\" content=\"https:\/\/mapetiteplanete.org\/en\/blog\/\" \/>\n<meta property=\"og:site_name\" content=\"Ma Petite Plan\u00e8te\" \/>\n<meta property=\"article:publisher\" content=\"https:\/\/www.facebook.com\/MaPetitePlaneteLeJeu\" \/>\n<meta property=\"article:modified_time\" content=\"2025-07-09T09:05:57+00:00\" \/>\n<meta property=\"og:image\" content=\"https:\/\/mapetiteplanete.org\/wp-content\/uploads\/2021\/02\/Logos_MPP_Vectorise-couleur-1.png\" \/>\n\t<meta property=\"og:image:width\" content=\"591\" \/>\n\t<meta property=\"og:image:height\" content=\"277\" \/>\n\t<meta property=\"og:image:type\" content=\"image\/png\" \/>\n<meta name=\"twitter:card\" content=\"summary_large_image\" \/>\n<script type=\"application\/ld+json\" class=\"yoast-schema-graph\">{\"@context\":\"https:\\\/\\\/schema.org\",\"@graph\":[{\"@type\":\"WebPage\",\"@id\":\"https:\\\/\\\/mapetiteplanete.org\\\/blog\\\/\",\"url\":\"https:\\\/\\\/mapetiteplanete.org\\\/blog\\\/\",\"name\":\"Blog - Ma Petite Plan\u00e8te\",\"isPartOf\":{\"@id\":\"https:\\\/\\\/mapetiteplanete.org\\\/#website\"},\"datePublished\":\"2022-06-29T20:55:17+00:00\",\"dateModified\":\"2025-07-09T09:05:57+00:00\",\"breadcrumb\":{\"@id\":\"https:\\\/\\\/mapetiteplanete.org\\\/blog\\\/#breadcrumb\"},\"inLanguage\":\"en-GB\",\"potentialAction\":[{\"@type\":\"ReadAction\",\"target\":[\"https:\\\/\\\/mapetiteplanete.org\\\/blog\\\/\"]}]},{\"@type\":\"BreadcrumbList\",\"@id\":\"https:\\\/\\\/mapetiteplanete.org\\\/blog\\\/#breadcrumb\",\"itemListElement\":[{\"@type\":\"ListItem\",\"position\":1,\"name\":\"MPP, challenge \u00e9cologique\",\"item\":\"https:\\\/\\\/mapetiteplanete.org\\\/\"},{\"@type\":\"ListItem\",\"position\":2,\"name\":\"Blog\"}]},{\"@type\":\"WebSite\",\"@id\":\"https:\\\/\\\/mapetiteplanete.org\\\/#website\",\"url\":\"https:\\\/\\\/mapetiteplanete.org\\\/\",\"name\":\"Ma Petite Plan\u00e8te\",\"description\":\"La comp\u00e9tition de d\u00e9fis \u00e9cologiques\",\"publisher\":{\"@id\":\"https:\\\/\\\/mapetiteplanete.org\\\/#organization\"},\"potentialAction\":[{\"@type\":\"SearchAction\",\"target\":{\"@type\":\"EntryPoint\",\"urlTemplate\":\"https:\\\/\\\/mapetiteplanete.org\\\/?s={search_term_string}\"},\"query-input\":{\"@type\":\"PropertyValueSpecification\",\"valueRequired\":true,\"valueName\":\"search_term_string\"}}],\"inLanguage\":\"en-GB\"},{\"@type\":\"Organization\",\"@id\":\"https:\\\/\\\/mapetiteplanete.org\\\/#organization\",\"name\":\"Ma Petite Planete\",\"url\":\"https:\\\/\\\/mapetiteplanete.org\\\/\",\"logo\":{\"@type\":\"ImageObject\",\"inLanguage\":\"en-GB\",\"@id\":\"https:\\\/\\\/mapetiteplanete.org\\\/#\\\/schema\\\/logo\\\/image\\\/\",\"url\":\"https:\\\/\\\/mapetiteplanete.org\\\/wp-content\\\/uploads\\\/2020\\\/10\\\/cropped-logo_mpp.png\",\"contentUrl\":\"https:\\\/\\\/mapetiteplanete.org\\\/wp-content\\\/uploads\\\/2020\\\/10\\\/cropped-logo_mpp.png\",\"width\":512,\"height\":512,\"caption\":\"Ma Petite Planete\"},\"image\":{\"@id\":\"https:\\\/\\\/mapetiteplanete.org\\\/#\\\/schema\\\/logo\\\/image\\\/\"},\"sameAs\":[\"https:\\\/\\\/www.facebook.com\\\/MaPetitePlaneteLeJeu\",\"https:\\\/\\\/www.instagram.com\\\/mapetiteplanete_le_jeu\\\/\",\"https:\\\/\\\/www.linkedin.com\\\/company\\\/ma-petite-plante\\\/?viewAsMember=true\"]}]}<\/script>\n<!-- \/ Yoast SEO plugin. -->","yoast_head_json":{"title":"Blog - My Little Planet","robots":{"index":"index","follow":"follow","max-snippet":"max-snippet:-1","max-image-preview":"max-image-preview:large","max-video-preview":"max-video-preview:-1"},"canonical":"https:\/\/mapetiteplanete.org\/en\/blog\/","og_locale":"en_GB","og_type":"article","og_title":"Blog - Ma Petite Plan\u00e8te","og_description":"ZOOM PLAN\u00c8TELa Biodiversit\u00e9Entre chaque \u00e9dition, retrouve un dossier sp\u00e9cial sur une th\u00e9matique \u00e9colo ! Le th\u00e8me du moment ? La Biodiversit\u00e9 \ud83d\udc1d DU 28 F\u00c9VRIER au 25 juillet 2024MA PETITE MAP'D\u00e9couvre les bons coins MPP avec notre map !Une carte interactive pour d\u00e9couvrir un max de bonnes adresses : \u00e9colieux, repair caf\u00e9, restaurants v\u00e9g\u00e9taux, caf\u00e9 [&hellip;]","og_url":"https:\/\/mapetiteplanete.org\/en\/blog\/","og_site_name":"Ma Petite Plan\u00e8te","article_publisher":"https:\/\/www.facebook.com\/MaPetitePlaneteLeJeu","article_modified_time":"2025-07-09T09:05:57+00:00","og_image":[{"width":591,"height":277,"url":"https:\/\/mapetiteplanete.org\/wp-content\/uploads\/2021\/02\/Logos_MPP_Vectorise-couleur-1.png","type":"image\/png"}],"twitter_card":"summary_large_image","schema":{"@context":"https:\/\/schema.org","@graph":[{"@type":"WebPage","@id":"https:\/\/mapetiteplanete.org\/blog\/","url":"https:\/\/mapetiteplanete.org\/blog\/","name":"Blog - My Little Planet","isPartOf":{"@id":"https:\/\/mapetiteplanete.org\/#website"},"datePublished":"2022-06-29T20:55:17+00:00","dateModified":"2025-07-09T09:05:57+00:00","breadcrumb":{"@id":"https:\/\/mapetiteplanete.org\/blog\/#breadcrumb"},"inLanguage":"en-GB","potentialAction":[{"@type":"ReadAction","target":["https:\/\/mapetiteplanete.org\/blog\/"]}]},{"@type":"BreadcrumbList","@id":"https:\/\/mapetiteplanete.org\/blog\/#breadcrumb","itemListElement":[{"@type":"ListItem","position":1,"name":"MPP, challenge \u00e9cologique","item":"https:\/\/mapetiteplanete.org\/"},{"@type":"ListItem","position":2,"name":"Blog"}]},{"@type":"WebSite","@id":"https:\/\/mapetiteplanete.org\/#website","url":"https:\/\/mapetiteplanete.org\/","name":"Ma Petite Plan\u00e8te School","description":"The Green Challenge Competition","publisher":{"@id":"https:\/\/mapetiteplanete.org\/#organization"},"potentialAction":[{"@type":"SearchAction","target":{"@type":"EntryPoint","urlTemplate":"https:\/\/mapetiteplanete.org\/?s={search_term_string}"},"query-input":{"@type":"PropertyValueSpecification","valueRequired":true,"valueName":"search_term_string"}}],"inLanguage":"en-GB"},{"@type":"Organization","@id":"https:\/\/mapetiteplanete.org\/#organization","name":"My Little Planet","url":"https:\/\/mapetiteplanete.org\/","logo":{"@type":"ImageObject","inLanguage":"en-GB","@id":"https:\/\/mapetiteplanete.org\/#\/schema\/logo\/image\/","url":"https:\/\/mapetiteplanete.org\/wp-content\/uploads\/2020\/10\/cropped-logo_mpp.png","contentUrl":"https:\/\/mapetiteplanete.org\/wp-content\/uploads\/2020\/10\/cropped-logo_mpp.png","width":512,"height":512,"caption":"Ma Petite Planete"},"image":{"@id":"https:\/\/mapetiteplanete.org\/#\/schema\/logo\/image\/"},"sameAs":["https:\/\/www.facebook.com\/MaPetitePlaneteLeJeu","https:\/\/www.instagram.com\/mapetiteplanete_le_jeu\/","https:\/\/www.linkedin.com\/company\/ma-petite-plante\/?viewAsMember=true"]}]}},"_links":{"self":[{"href":"https:\/\/mapetiteplanete.org\/en\/wp-json\/wp\/v2\/pages\/29752","targetHints":{"allow":["GET"]}}],"collection":[{"href":"https:\/\/mapetiteplanete.org\/en\/wp-json\/wp\/v2\/pages"}],"about":[{"href":"https:\/\/mapetiteplanete.org\/en\/wp-json\/wp\/v2\/types\/page"}],"author":[{"embeddable":true,"href":"https:\/\/mapetiteplanete.org\/en\/wp-json\/wp\/v2\/users\/25"}],"replies":[{"embeddable":true,"href":"https:\/\/mapetiteplanete.org\/en\/wp-json\/wp\/v2\/comments?post=29752"}],"version-history":[{"count":9,"href":"https:\/\/mapetiteplanete.org\/en\/wp-json\/wp\/v2\/pages\/29752\/revisions"}],"predecessor-version":[{"id":38651,"href":"https:\/\/mapetiteplanete.org\/en\/wp-json\/wp\/v2\/pages\/29752\/revisions\/38651"}],"wp:attachment":[{"href":"https:\/\/mapetiteplanete.org\/en\/wp-json\/wp\/v2\/media?parent=29752"}],"curies":[{"name":"wp","href":"https:\/\/api.w.org\/{rel}","templated":true}]}}