{"id":27829,"date":"2021-06-21T15:14:40","date_gmt":"2021-06-21T13:14:40","guid":{"rendered":"https:\/\/mapetiteplanete.org\/?page_id=27829"},"modified":"2026-02-25T17:22:47","modified_gmt":"2026-02-25T16:22:47","slug":"ou-se-trouvent-les-players","status":"publish","type":"page","link":"https:\/\/mapetiteplanete.org\/en\/ou-se-trouvent-les-players\/","title":{"rendered":"Where are our MPP Players located?"},"content":{"rendered":"\n[et_pb_section fb_built=\u00a0\u00bb1&Prime; admin_label=\u00a0\u00bbsection\u00a0\u00bb _builder_version=\u00a0\u00bb4.16&Prime; da_disable_devices=\u00a0\u00bboff|off|off\u00a0\u00bb global_colors_info=\u00a0\u00bb{}\u00a0\u00bb da_is_popup=\u00a0\u00bboff\u00a0\u00bb da_exit_intent=\u00a0\u00bboff\u00a0\u00bb da_has_close=\u00a0\u00bbon\u00a0\u00bb da_alt_close=\u00a0\u00bboff\u00a0\u00bb da_dark_close=\u00a0\u00bboff\u00a0\u00bb da_not_modal=\u00a0\u00bbon\u00a0\u00bb da_is_singular=\u00a0\u00bboff\u00a0\u00bb da_with_loader=\u00a0\u00bboff\u00a0\u00bb da_has_shadow=\u00a0\u00bbon\u00a0\u00bb][et_pb_row admin_label=\u00a0\u00bbrow\u00a0\u00bb _builder_version=\u00a0\u00bb4.16&Prime; background_size=\u00a0\u00bbinitial\u00a0\u00bb background_position=\u00a0\u00bbtop_left\u00a0\u00bb background_repeat=\u00a0\u00bbrepeat\u00a0\u00bb global_colors_info=\u00a0\u00bb{}\u00a0\u00bb][et_pb_column type=\u00a0\u00bb4_4&Prime; _builder_version=\u00a0\u00bb4.16&Prime; custom_padding=\u00a0\u00bb|||\u00a0\u00bb global_colors_info=\u00a0\u00bb{}\u00a0\u00bb custom_padding__hover=\u00a0\u00bb|||\u00a0\u00bb][et_pb_text admin_label=\u00a0\u00bbText\u00a0\u00bb _builder_version=\u00a0\u00bb4.27.5&Prime; background_size=\u00a0\u00bbinitial\u00a0\u00bb background_position=\u00a0\u00bbtop_left\u00a0\u00bb background_repeat=\u00a0\u00bbrepeat\u00a0\u00bb hover_enabled=\u00a0\u00bb0&Prime; global_colors_info=\u00a0\u00bb{}\u00a0\u00bb sticky_enabled=\u00a0\u00bb0&Prime;]<!-- divi:html \/-->\n\n<!-- divi:heading {\"level\":4} -->\n<h4>Voici la carte o\u00f9 se trouvent nos MPP Players !<\/h4>\n<!-- \/divi:heading -->\n\n<!-- divi:paragraph --><iframe loading=\"lazy\" style=\"border: 1px solid #35b287;\" src=\"https:\/\/mapetiteplanete.org\/wp-includes\/assets\/cartoweb_hiver2026\" width=\"100%\" height=\"500px\"><\/iframe>\n\n<!-- \/divi:paragraph -->[\/et_pb_text][\/et_pb_column][\/et_pb_row][\/et_pb_section]\n","protected":false},"excerpt":{"rendered":"<p>Here is the map where our MPP Players are located!<\/p>","protected":false},"author":12,"featured_media":37661,"parent":0,"menu_order":0,"comment_status":"closed","ping_status":"closed","template":"","meta":{"_et_pb_use_builder":"on","_et_pb_old_content":"<!-- wp:html \/-->\n\n<!-- wp:heading {\"level\":4} -->\n<h4>Voici la carte o\u00f9 se trouvent nos MPP Players !<\/h4>\n<!-- \/wp:heading -->\n\n<!-- wp:paragraph -->\n<p><iframe style=\"border: 1px solid #35b287;\" src=\"https:\/\/mapetiteplanete.org\/wp-includes\/assets\/carte_2021_06_22\" width=\"100%\" height=\"500px\"><\/iframe><\/p>\n<!-- \/wp:paragraph -->","_et_gb_content_width":"1080","content-type":"","inline_featured_image":false,"footnotes":""},"class_list":["post-27829","page","type-page","status-publish","has-post-thumbnail","hentry"],"yoast_head":"<!-- This site is optimized with the Yoast SEO plugin v27.3 - https:\/\/yoast.com\/product\/yoast-seo-wordpress\/ -->\n<title>O\u00f9 se trouvent nos MPP Players ? - Ma Petite Plan\u00e8te<\/title>\n<meta name=\"robots\" content=\"index, follow, max-snippet:-1, max-image-preview:large, max-video-preview:-1\" \/>\n<link rel=\"canonical\" href=\"https:\/\/mapetiteplanete.org\/en\/ou-se-trouvent-les-players\/\" \/>\n<meta property=\"og:locale\" content=\"en_GB\" \/>\n<meta property=\"og:type\" content=\"article\" \/>\n<meta property=\"og:title\" content=\"O\u00f9 se trouvent nos MPP Players ? - Ma Petite Plan\u00e8te\" \/>\n<meta property=\"og:description\" content=\"Voici la carte o\u00f9 se trouvent nos MPP Players !\" \/>\n<meta property=\"og:url\" content=\"https:\/\/mapetiteplanete.org\/en\/ou-se-trouvent-les-players\/\" \/>\n<meta property=\"og:site_name\" content=\"Ma Petite Plan\u00e8te\" \/>\n<meta property=\"article:publisher\" content=\"https:\/\/www.facebook.com\/MaPetitePlaneteLeJeu\" \/>\n<meta property=\"article:modified_time\" content=\"2026-02-25T16:22:47+00:00\" \/>\n<meta property=\"og:image\" content=\"https:\/\/mapetiteplanete.org\/wp-content\/uploads\/2021\/02\/Logos_MPP_Vectorise-couleur-1.png\" \/>\n\t<meta property=\"og:image:width\" content=\"591\" \/>\n\t<meta property=\"og:image:height\" content=\"277\" \/>\n\t<meta property=\"og:image:type\" content=\"image\/png\" \/>\n<meta name=\"twitter:card\" content=\"summary_large_image\" \/>\n<script type=\"application\/ld+json\" class=\"yoast-schema-graph\">{\"@context\":\"https:\\\/\\\/schema.org\",\"@graph\":[{\"@type\":\"WebPage\",\"@id\":\"https:\\\/\\\/mapetiteplanete.org\\\/ou-se-trouvent-les-players\\\/\",\"url\":\"https:\\\/\\\/mapetiteplanete.org\\\/ou-se-trouvent-les-players\\\/\",\"name\":\"O\u00f9 se trouvent nos MPP Players ? - Ma Petite Plan\u00e8te\",\"isPartOf\":{\"@id\":\"https:\\\/\\\/mapetiteplanete.org\\\/#website\"},\"primaryImageOfPage\":{\"@id\":\"https:\\\/\\\/mapetiteplanete.org\\\/ou-se-trouvent-les-players\\\/#primaryimage\"},\"image\":{\"@id\":\"https:\\\/\\\/mapetiteplanete.org\\\/ou-se-trouvent-les-players\\\/#primaryimage\"},\"thumbnailUrl\":\"https:\\\/\\\/mapetiteplanete.org\\\/wp-content\\\/uploads\\\/2025\\\/02\\\/Logo-MPP-2.0-2024-large.svg\",\"datePublished\":\"2021-06-21T13:14:40+00:00\",\"dateModified\":\"2026-02-25T16:22:47+00:00\",\"breadcrumb\":{\"@id\":\"https:\\\/\\\/mapetiteplanete.org\\\/ou-se-trouvent-les-players\\\/#breadcrumb\"},\"inLanguage\":\"en-GB\",\"potentialAction\":[{\"@type\":\"ReadAction\",\"target\":[\"https:\\\/\\\/mapetiteplanete.org\\\/ou-se-trouvent-les-players\\\/\"]}]},{\"@type\":\"ImageObject\",\"inLanguage\":\"en-GB\",\"@id\":\"https:\\\/\\\/mapetiteplanete.org\\\/ou-se-trouvent-les-players\\\/#primaryimage\",\"url\":\"https:\\\/\\\/mapetiteplanete.org\\\/wp-content\\\/uploads\\\/2025\\\/02\\\/Logo-MPP-2.0-2024-large.svg\",\"contentUrl\":\"https:\\\/\\\/mapetiteplanete.org\\\/wp-content\\\/uploads\\\/2025\\\/02\\\/Logo-MPP-2.0-2024-large.svg\"},{\"@type\":\"BreadcrumbList\",\"@id\":\"https:\\\/\\\/mapetiteplanete.org\\\/ou-se-trouvent-les-players\\\/#breadcrumb\",\"itemListElement\":[{\"@type\":\"ListItem\",\"position\":1,\"name\":\"MPP, challenge \u00e9cologique\",\"item\":\"https:\\\/\\\/mapetiteplanete.org\\\/\"},{\"@type\":\"ListItem\",\"position\":2,\"name\":\"O\u00f9 se trouvent nos MPP Players ?\"}]},{\"@type\":\"WebSite\",\"@id\":\"https:\\\/\\\/mapetiteplanete.org\\\/#website\",\"url\":\"https:\\\/\\\/mapetiteplanete.org\\\/\",\"name\":\"Ma Petite Plan\u00e8te\",\"description\":\"La comp\u00e9tition de d\u00e9fis \u00e9cologiques\",\"publisher\":{\"@id\":\"https:\\\/\\\/mapetiteplanete.org\\\/#organization\"},\"potentialAction\":[{\"@type\":\"SearchAction\",\"target\":{\"@type\":\"EntryPoint\",\"urlTemplate\":\"https:\\\/\\\/mapetiteplanete.org\\\/?s={search_term_string}\"},\"query-input\":{\"@type\":\"PropertyValueSpecification\",\"valueRequired\":true,\"valueName\":\"search_term_string\"}}],\"inLanguage\":\"en-GB\"},{\"@type\":\"Organization\",\"@id\":\"https:\\\/\\\/mapetiteplanete.org\\\/#organization\",\"name\":\"Ma Petite Planete\",\"url\":\"https:\\\/\\\/mapetiteplanete.org\\\/\",\"logo\":{\"@type\":\"ImageObject\",\"inLanguage\":\"en-GB\",\"@id\":\"https:\\\/\\\/mapetiteplanete.org\\\/#\\\/schema\\\/logo\\\/image\\\/\",\"url\":\"https:\\\/\\\/mapetiteplanete.org\\\/wp-content\\\/uploads\\\/2020\\\/10\\\/cropped-logo_mpp.png\",\"contentUrl\":\"https:\\\/\\\/mapetiteplanete.org\\\/wp-content\\\/uploads\\\/2020\\\/10\\\/cropped-logo_mpp.png\",\"width\":512,\"height\":512,\"caption\":\"Ma Petite Planete\"},\"image\":{\"@id\":\"https:\\\/\\\/mapetiteplanete.org\\\/#\\\/schema\\\/logo\\\/image\\\/\"},\"sameAs\":[\"https:\\\/\\\/www.facebook.com\\\/MaPetitePlaneteLeJeu\",\"https:\\\/\\\/www.instagram.com\\\/mapetiteplanete_le_jeu\\\/\",\"https:\\\/\\\/www.linkedin.com\\\/company\\\/ma-petite-plante\\\/?viewAsMember=true\"]}]}<\/script>\n<!-- \/ Yoast SEO plugin. -->","yoast_head_json":{"title":"Where are our MPP Players? - My Little Planet","robots":{"index":"index","follow":"follow","max-snippet":"max-snippet:-1","max-image-preview":"max-image-preview:large","max-video-preview":"max-video-preview:-1"},"canonical":"https:\/\/mapetiteplanete.org\/en\/ou-se-trouvent-les-players\/","og_locale":"en_GB","og_type":"article","og_title":"O\u00f9 se trouvent nos MPP Players ? - Ma Petite Plan\u00e8te","og_description":"Voici la carte o\u00f9 se trouvent nos MPP Players !","og_url":"https:\/\/mapetiteplanete.org\/en\/ou-se-trouvent-les-players\/","og_site_name":"Ma Petite Plan\u00e8te","article_publisher":"https:\/\/www.facebook.com\/MaPetitePlaneteLeJeu","article_modified_time":"2026-02-25T16:22:47+00:00","og_image":[{"width":591,"height":277,"url":"https:\/\/mapetiteplanete.org\/wp-content\/uploads\/2021\/02\/Logos_MPP_Vectorise-couleur-1.png","type":"image\/png"}],"twitter_card":"summary_large_image","schema":{"@context":"https:\/\/schema.org","@graph":[{"@type":"WebPage","@id":"https:\/\/mapetiteplanete.org\/ou-se-trouvent-les-players\/","url":"https:\/\/mapetiteplanete.org\/ou-se-trouvent-les-players\/","name":"Where are our MPP Players? - My Little Planet","isPartOf":{"@id":"https:\/\/mapetiteplanete.org\/#website"},"primaryImageOfPage":{"@id":"https:\/\/mapetiteplanete.org\/ou-se-trouvent-les-players\/#primaryimage"},"image":{"@id":"https:\/\/mapetiteplanete.org\/ou-se-trouvent-les-players\/#primaryimage"},"thumbnailUrl":"https:\/\/mapetiteplanete.org\/wp-content\/uploads\/2025\/02\/Logo-MPP-2.0-2024-large.svg","datePublished":"2021-06-21T13:14:40+00:00","dateModified":"2026-02-25T16:22:47+00:00","breadcrumb":{"@id":"https:\/\/mapetiteplanete.org\/ou-se-trouvent-les-players\/#breadcrumb"},"inLanguage":"en-GB","potentialAction":[{"@type":"ReadAction","target":["https:\/\/mapetiteplanete.org\/ou-se-trouvent-les-players\/"]}]},{"@type":"ImageObject","inLanguage":"en-GB","@id":"https:\/\/mapetiteplanete.org\/ou-se-trouvent-les-players\/#primaryimage","url":"https:\/\/mapetiteplanete.org\/wp-content\/uploads\/2025\/02\/Logo-MPP-2.0-2024-large.svg","contentUrl":"https:\/\/mapetiteplanete.org\/wp-content\/uploads\/2025\/02\/Logo-MPP-2.0-2024-large.svg"},{"@type":"BreadcrumbList","@id":"https:\/\/mapetiteplanete.org\/ou-se-trouvent-les-players\/#breadcrumb","itemListElement":[{"@type":"ListItem","position":1,"name":"MPP, challenge \u00e9cologique","item":"https:\/\/mapetiteplanete.org\/"},{"@type":"ListItem","position":2,"name":"O\u00f9 se trouvent nos MPP Players ?"}]},{"@type":"WebSite","@id":"https:\/\/mapetiteplanete.org\/#website","url":"https:\/\/mapetiteplanete.org\/","name":"Ma Petite Plan\u00e8te School","description":"The Green Challenge Competition","publisher":{"@id":"https:\/\/mapetiteplanete.org\/#organization"},"potentialAction":[{"@type":"SearchAction","target":{"@type":"EntryPoint","urlTemplate":"https:\/\/mapetiteplanete.org\/?s={search_term_string}"},"query-input":{"@type":"PropertyValueSpecification","valueRequired":true,"valueName":"search_term_string"}}],"inLanguage":"en-GB"},{"@type":"Organization","@id":"https:\/\/mapetiteplanete.org\/#organization","name":"My Little Planet","url":"https:\/\/mapetiteplanete.org\/","logo":{"@type":"ImageObject","inLanguage":"en-GB","@id":"https:\/\/mapetiteplanete.org\/#\/schema\/logo\/image\/","url":"https:\/\/mapetiteplanete.org\/wp-content\/uploads\/2020\/10\/cropped-logo_mpp.png","contentUrl":"https:\/\/mapetiteplanete.org\/wp-content\/uploads\/2020\/10\/cropped-logo_mpp.png","width":512,"height":512,"caption":"Ma Petite Planete"},"image":{"@id":"https:\/\/mapetiteplanete.org\/#\/schema\/logo\/image\/"},"sameAs":["https:\/\/www.facebook.com\/MaPetitePlaneteLeJeu","https:\/\/www.instagram.com\/mapetiteplanete_le_jeu\/","https:\/\/www.linkedin.com\/company\/ma-petite-plante\/?viewAsMember=true"]}]}},"_links":{"self":[{"href":"https:\/\/mapetiteplanete.org\/en\/wp-json\/wp\/v2\/pages\/27829","targetHints":{"allow":["GET"]}}],"collection":[{"href":"https:\/\/mapetiteplanete.org\/en\/wp-json\/wp\/v2\/pages"}],"about":[{"href":"https:\/\/mapetiteplanete.org\/en\/wp-json\/wp\/v2\/types\/page"}],"author":[{"embeddable":true,"href":"https:\/\/mapetiteplanete.org\/en\/wp-json\/wp\/v2\/users\/12"}],"replies":[{"embeddable":true,"href":"https:\/\/mapetiteplanete.org\/en\/wp-json\/wp\/v2\/comments?post=27829"}],"version-history":[{"count":30,"href":"https:\/\/mapetiteplanete.org\/en\/wp-json\/wp\/v2\/pages\/27829\/revisions"}],"predecessor-version":[{"id":40217,"href":"https:\/\/mapetiteplanete.org\/en\/wp-json\/wp\/v2\/pages\/27829\/revisions\/40217"}],"wp:featuredmedia":[{"embeddable":true,"href":"https:\/\/mapetiteplanete.org\/en\/wp-json\/wp\/v2\/media\/37661"}],"wp:attachment":[{"href":"https:\/\/mapetiteplanete.org\/en\/wp-json\/wp\/v2\/media?parent=27829"}],"curies":[{"name":"wp","href":"https:\/\/api.w.org\/{rel}","templated":true}]}}