{"id":36806,"date":"2024-09-18T10:02:54","date_gmt":"2024-09-18T08:02:54","guid":{"rendered":"https:\/\/mapetiteplanete.org\/?page_id=36806"},"modified":"2024-09-18T10:11:07","modified_gmt":"2024-09-18T08:11:07","slug":"rejoindreuneligue","status":"publish","type":"page","link":"https:\/\/mapetiteplanete.org\/de\/rejoindreuneligue\/","title":{"rendered":"FAQ Rejoindre une ligue"},"content":{"rendered":"\n[et_pb_section fb_built=\u00a0\u00bb1&Prime; _builder_version=\u00a0\u00bb4.25.0&Prime; _module_preset=\u00a0\u00bbdefault\u00a0\u00bb global_colors_info=\u00a0\u00bb{}\u00a0\u00bb][et_pb_row _builder_version=\u00a0\u00bb4.25.0&Prime; _module_preset=\u00a0\u00bbdefault\u00a0\u00bb global_colors_info=\u00a0\u00bb{}\u00a0\u00bb][et_pb_column type=\u00a0\u00bb4_4&Prime; _builder_version=\u00a0\u00bb4.25.0&Prime; _module_preset=\u00a0\u00bbdefault\u00a0\u00bb global_colors_info=\u00a0\u00bb{}\u00a0\u00bb][et_pb_heading title=\u00a0\u00bbComment rejoindre une ligue ?\u00a0\u00bb _builder_version=\u00a0\u00bb4.25.0&Prime; _module_preset=\u00a0\u00bbdefault\u00a0\u00bb global_colors_info=\u00a0\u00bb{}\u00a0\u00bb][\/et_pb_heading][et_pb_text _builder_version=\u00a0\u00bb4.25.0&Prime; _module_preset=\u00a0\u00bbdefault\u00a0\u00bb global_colors_info=\u00a0\u00bb{}\u00a0\u00bb]<p>Tu aimerais jouer \u00e0 Ma Petite Plan\u00e8te mais tu ne comprends pas comment rejoindre une ligue ? Pas de soucis, je t&rsquo;explique tout !<\/p>\n<p>Ma Petite Plan\u00e8te est un jeu qui se joue \u00e0 plusieurs. L&rsquo;objectif : Embarquer ton entourage avec toi dans la transition \u00e9cologique, pour d\u00e9multiplier l&rsquo;impact !<\/p>\n<p><strong>Quelqu&rsquo;un m&rsquo;a propos\u00e9 de participer<\/strong><\/p>\n<p>Si tu as \u00e9t\u00e9 invit\u00e9.e par un.e proche, c&rsquo;est alors vers cette personne que tu dois te tourner pour obtenir le code de ligue \u00e0 entrer dans l&rsquo;application.<\/p>\n<p><strong>Participer avec mon entourage<\/strong><\/p>\n<p>Si tu souhaites te lancer avec ton entourage, c&rsquo;est \u00e0 toi de cr\u00e9er cette ligue sur l&rsquo;application et de leur transmettre le code de ligue pour vous challenger ensemble !<\/p>\n<p><strong>Participer avec des inconnu.e.s<\/strong><\/p>\n<p>Finalement, si le concept te pla\u00eet mais que tu n&rsquo;as vraiment personne \u00e0 motiver autour de toi, tu peux \u00e9galement participer en ligue ouverte et jouer avec des inconnu.e.s tr\u00e8s motiv\u00e9.e.s ! Pour cela, tu dois faire la demande sur l&rsquo;application directement et tu recevras un email avec les informations pour rejoindre la ligue.<\/p>\n<p>Si tu as une question sur le jeu, tu peux te r\u00e9f\u00e9rer \u00e0 notre <span style=\"text-decoration: underline;\"><strong><a href=\"https:\/\/mapetiteplanete.notion.site\/Questions-diverses-li-es-au-jeu-l-app-42009319b0324c9894c34ba8ae5b7bdf\">FAQ<\/a><\/strong><\/span> !<\/p>\n<p>Bon challenge \ud83d\udc9a<\/p>[\/et_pb_text][\/et_pb_column][\/et_pb_row][\/et_pb_section]\n","protected":false},"excerpt":{"rendered":"<p>Tu aimerais jouer \u00e0 Ma Petite Plan\u00e8te mais tu ne comprends pas comment rejoindre une ligue ? Pas de soucis, je t&rsquo;explique tout ! Ma Petite Plan\u00e8te est un jeu qui se joue \u00e0 plusieurs. L&rsquo;objectif : Embarquer ton entourage avec toi dans la transition \u00e9cologique, pour d\u00e9multiplier l&rsquo;impact ! Quelqu&rsquo;un m&rsquo;a propos\u00e9 de participer [&hellip;]<\/p>\n","protected":false},"author":28,"featured_media":0,"parent":0,"menu_order":0,"comment_status":"closed","ping_status":"closed","template":"","meta":{"_et_pb_use_builder":"on","_et_pb_old_content":"","_et_gb_content_width":"","content-type":"","inline_featured_image":false,"footnotes":""},"class_list":["post-36806","page","type-page","status-publish","hentry"],"yoast_head":"<!-- This site is optimized with the Yoast SEO plugin v27.4 - https:\/\/yoast.com\/product\/yoast-seo-wordpress\/ -->\n<title>FAQ Rejoindre une ligue - Ma Petite Plan\u00e8te<\/title>\n<meta name=\"robots\" content=\"index, follow, max-snippet:-1, max-image-preview:large, max-video-preview:-1\" \/>\n<link rel=\"canonical\" href=\"https:\/\/mapetiteplanete.org\/de\/rejoindreuneligue\/\" \/>\n<meta property=\"og:locale\" content=\"de_DE\" \/>\n<meta property=\"og:type\" content=\"article\" \/>\n<meta property=\"og:title\" content=\"FAQ Rejoindre une ligue - Ma Petite Plan\u00e8te\" \/>\n<meta property=\"og:description\" content=\"Tu aimerais jouer \u00e0 Ma Petite Plan\u00e8te mais tu ne comprends pas comment rejoindre une ligue ? Pas de soucis, je t&#039;explique tout ! Ma Petite Plan\u00e8te est un jeu qui se joue \u00e0 plusieurs. L&#039;objectif : Embarquer ton entourage avec toi dans la transition \u00e9cologique, pour d\u00e9multiplier l&#039;impact ! Quelqu&#039;un m&#039;a propos\u00e9 de participer [&hellip;]\" \/>\n<meta property=\"og:url\" content=\"https:\/\/mapetiteplanete.org\/de\/rejoindreuneligue\/\" \/>\n<meta property=\"og:site_name\" content=\"Ma Petite Plan\u00e8te\" \/>\n<meta property=\"article:publisher\" content=\"https:\/\/www.facebook.com\/MaPetitePlaneteLeJeu\" \/>\n<meta property=\"article:modified_time\" content=\"2024-09-18T08:11:07+00:00\" \/>\n<meta property=\"og:image\" content=\"https:\/\/mapetiteplanete.org\/wp-content\/uploads\/2021\/02\/Logos_MPP_Vectorise-couleur-1.png\" \/>\n\t<meta property=\"og:image:width\" content=\"591\" \/>\n\t<meta property=\"og:image:height\" content=\"277\" \/>\n\t<meta property=\"og:image:type\" content=\"image\/png\" \/>\n<meta name=\"twitter:card\" content=\"summary_large_image\" \/>\n<script type=\"application\/ld+json\" class=\"yoast-schema-graph\">{\"@context\":\"https:\\\/\\\/schema.org\",\"@graph\":[{\"@type\":\"WebPage\",\"@id\":\"https:\\\/\\\/mapetiteplanete.org\\\/rejoindreuneligue\\\/\",\"url\":\"https:\\\/\\\/mapetiteplanete.org\\\/rejoindreuneligue\\\/\",\"name\":\"FAQ Rejoindre une ligue - Ma Petite Plan\u00e8te\",\"isPartOf\":{\"@id\":\"https:\\\/\\\/mapetiteplanete.org\\\/#website\"},\"datePublished\":\"2024-09-18T08:02:54+00:00\",\"dateModified\":\"2024-09-18T08:11:07+00:00\",\"breadcrumb\":{\"@id\":\"https:\\\/\\\/mapetiteplanete.org\\\/rejoindreuneligue\\\/#breadcrumb\"},\"inLanguage\":\"de\",\"potentialAction\":[{\"@type\":\"ReadAction\",\"target\":[\"https:\\\/\\\/mapetiteplanete.org\\\/rejoindreuneligue\\\/\"]}]},{\"@type\":\"BreadcrumbList\",\"@id\":\"https:\\\/\\\/mapetiteplanete.org\\\/rejoindreuneligue\\\/#breadcrumb\",\"itemListElement\":[{\"@type\":\"ListItem\",\"position\":1,\"name\":\"MPP, challenge \u00e9cologique\",\"item\":\"https:\\\/\\\/mapetiteplanete.org\\\/\"},{\"@type\":\"ListItem\",\"position\":2,\"name\":\"FAQ Rejoindre une ligue\"}]},{\"@type\":\"WebSite\",\"@id\":\"https:\\\/\\\/mapetiteplanete.org\\\/#website\",\"url\":\"https:\\\/\\\/mapetiteplanete.org\\\/\",\"name\":\"Ma Petite Plan\u00e8te\",\"description\":\"La comp\u00e9tition de d\u00e9fis \u00e9cologiques\",\"publisher\":{\"@id\":\"https:\\\/\\\/mapetiteplanete.org\\\/#organization\"},\"potentialAction\":[{\"@type\":\"SearchAction\",\"target\":{\"@type\":\"EntryPoint\",\"urlTemplate\":\"https:\\\/\\\/mapetiteplanete.org\\\/?s={search_term_string}\"},\"query-input\":{\"@type\":\"PropertyValueSpecification\",\"valueRequired\":true,\"valueName\":\"search_term_string\"}}],\"inLanguage\":\"de\"},{\"@type\":\"Organization\",\"@id\":\"https:\\\/\\\/mapetiteplanete.org\\\/#organization\",\"name\":\"Ma Petite Planete\",\"url\":\"https:\\\/\\\/mapetiteplanete.org\\\/\",\"logo\":{\"@type\":\"ImageObject\",\"inLanguage\":\"de\",\"@id\":\"https:\\\/\\\/mapetiteplanete.org\\\/#\\\/schema\\\/logo\\\/image\\\/\",\"url\":\"https:\\\/\\\/mapetiteplanete.org\\\/wp-content\\\/uploads\\\/2020\\\/10\\\/cropped-logo_mpp.png\",\"contentUrl\":\"https:\\\/\\\/mapetiteplanete.org\\\/wp-content\\\/uploads\\\/2020\\\/10\\\/cropped-logo_mpp.png\",\"width\":512,\"height\":512,\"caption\":\"Ma Petite Planete\"},\"image\":{\"@id\":\"https:\\\/\\\/mapetiteplanete.org\\\/#\\\/schema\\\/logo\\\/image\\\/\"},\"sameAs\":[\"https:\\\/\\\/www.facebook.com\\\/MaPetitePlaneteLeJeu\",\"https:\\\/\\\/www.instagram.com\\\/mapetiteplanete_le_jeu\\\/\",\"https:\\\/\\\/www.linkedin.com\\\/company\\\/ma-petite-plante\\\/?viewAsMember=true\"]}]}<\/script>\n<!-- \/ Yoast SEO plugin. -->","yoast_head_json":{"title":"FAQ Rejoindre une ligue - Ma Petite Plan\u00e8te","robots":{"index":"index","follow":"follow","max-snippet":"max-snippet:-1","max-image-preview":"max-image-preview:large","max-video-preview":"max-video-preview:-1"},"canonical":"https:\/\/mapetiteplanete.org\/de\/rejoindreuneligue\/","og_locale":"de_DE","og_type":"article","og_title":"FAQ Rejoindre une ligue - Ma Petite Plan\u00e8te","og_description":"Tu aimerais jouer \u00e0 Ma Petite Plan\u00e8te mais tu ne comprends pas comment rejoindre une ligue ? Pas de soucis, je t'explique tout ! Ma Petite Plan\u00e8te est un jeu qui se joue \u00e0 plusieurs. L'objectif : Embarquer ton entourage avec toi dans la transition \u00e9cologique, pour d\u00e9multiplier l'impact ! Quelqu'un m'a propos\u00e9 de participer [&hellip;]","og_url":"https:\/\/mapetiteplanete.org\/de\/rejoindreuneligue\/","og_site_name":"Ma Petite Plan\u00e8te","article_publisher":"https:\/\/www.facebook.com\/MaPetitePlaneteLeJeu","article_modified_time":"2024-09-18T08:11:07+00:00","og_image":[{"width":591,"height":277,"url":"https:\/\/mapetiteplanete.org\/wp-content\/uploads\/2021\/02\/Logos_MPP_Vectorise-couleur-1.png","type":"image\/png"}],"twitter_card":"summary_large_image","schema":{"@context":"https:\/\/schema.org","@graph":[{"@type":"WebPage","@id":"https:\/\/mapetiteplanete.org\/rejoindreuneligue\/","url":"https:\/\/mapetiteplanete.org\/rejoindreuneligue\/","name":"FAQ Rejoindre une ligue - Ma Petite Plan\u00e8te","isPartOf":{"@id":"https:\/\/mapetiteplanete.org\/#website"},"datePublished":"2024-09-18T08:02:54+00:00","dateModified":"2024-09-18T08:11:07+00:00","breadcrumb":{"@id":"https:\/\/mapetiteplanete.org\/rejoindreuneligue\/#breadcrumb"},"inLanguage":"de","potentialAction":[{"@type":"ReadAction","target":["https:\/\/mapetiteplanete.org\/rejoindreuneligue\/"]}]},{"@type":"BreadcrumbList","@id":"https:\/\/mapetiteplanete.org\/rejoindreuneligue\/#breadcrumb","itemListElement":[{"@type":"ListItem","position":1,"name":"MPP, challenge \u00e9cologique","item":"https:\/\/mapetiteplanete.org\/"},{"@type":"ListItem","position":2,"name":"FAQ Rejoindre une ligue"}]},{"@type":"WebSite","@id":"https:\/\/mapetiteplanete.org\/#website","url":"https:\/\/mapetiteplanete.org\/","name":"Ma Petite Plan\u00e8te Schul","description":"Der Wettstreit \u00f6kologischer Herausforderungen","publisher":{"@id":"https:\/\/mapetiteplanete.org\/#organization"},"potentialAction":[{"@type":"SearchAction","target":{"@type":"EntryPoint","urlTemplate":"https:\/\/mapetiteplanete.org\/?s={search_term_string}"},"query-input":{"@type":"PropertyValueSpecification","valueRequired":true,"valueName":"search_term_string"}}],"inLanguage":"de"},{"@type":"Organization","@id":"https:\/\/mapetiteplanete.org\/#organization","name":"Mein kleiner Planet","url":"https:\/\/mapetiteplanete.org\/","logo":{"@type":"ImageObject","inLanguage":"de","@id":"https:\/\/mapetiteplanete.org\/#\/schema\/logo\/image\/","url":"https:\/\/mapetiteplanete.org\/wp-content\/uploads\/2020\/10\/cropped-logo_mpp.png","contentUrl":"https:\/\/mapetiteplanete.org\/wp-content\/uploads\/2020\/10\/cropped-logo_mpp.png","width":512,"height":512,"caption":"Ma Petite Planete"},"image":{"@id":"https:\/\/mapetiteplanete.org\/#\/schema\/logo\/image\/"},"sameAs":["https:\/\/www.facebook.com\/MaPetitePlaneteLeJeu","https:\/\/www.instagram.com\/mapetiteplanete_le_jeu\/","https:\/\/www.linkedin.com\/company\/ma-petite-plante\/?viewAsMember=true"]}]}},"_links":{"self":[{"href":"https:\/\/mapetiteplanete.org\/de\/wp-json\/wp\/v2\/pages\/36806","targetHints":{"allow":["GET"]}}],"collection":[{"href":"https:\/\/mapetiteplanete.org\/de\/wp-json\/wp\/v2\/pages"}],"about":[{"href":"https:\/\/mapetiteplanete.org\/de\/wp-json\/wp\/v2\/types\/page"}],"author":[{"embeddable":true,"href":"https:\/\/mapetiteplanete.org\/de\/wp-json\/wp\/v2\/users\/28"}],"replies":[{"embeddable":true,"href":"https:\/\/mapetiteplanete.org\/de\/wp-json\/wp\/v2\/comments?post=36806"}],"version-history":[{"count":5,"href":"https:\/\/mapetiteplanete.org\/de\/wp-json\/wp\/v2\/pages\/36806\/revisions"}],"predecessor-version":[{"id":36826,"href":"https:\/\/mapetiteplanete.org\/de\/wp-json\/wp\/v2\/pages\/36806\/revisions\/36826"}],"wp:attachment":[{"href":"https:\/\/mapetiteplanete.org\/de\/wp-json\/wp\/v2\/media?parent=36806"}],"curies":[{"name":"wp","href":"https:\/\/api.w.org\/{rel}","templated":true}]}}