{"id":34151,"date":"2023-08-29T17:09:30","date_gmt":"2023-08-29T15:09:30","guid":{"rendered":"https:\/\/mapetiteplanete.org\/?page_id=34151"},"modified":"2023-08-30T17:45:29","modified_gmt":"2023-08-30T15:45:29","slug":"prendrelevelo","status":"publish","type":"page","link":"https:\/\/mapetiteplanete.org\/de\/prendrelevelo\/","title":{"rendered":"Prendre le v\u00e9lo"},"content":{"rendered":"<p>[et_pb_section fb_built=\u00a0\u00bb1&Prime; theme_builder_area=\u00a0\u00bbpost_content\u00a0\u00bb _builder_version=\u00a0\u00bb4.20.4&Prime; _module_preset=\u00a0\u00bbdefault\u00a0\u00bb][et_pb_row _builder_version=\u00a0\u00bb4.20.4&Prime; _module_preset=\u00a0\u00bbdefault\u00a0\u00bb global_colors_info=\u00a0\u00bb{}\u00a0\u00bb locked=\u00a0\u00bboff\u00a0\u00bb theme_builder_area=\u00a0\u00bbpost_content\u00a0\u00bb][et_pb_column type=\u00a0\u00bb4_4&Prime; _builder_version=\u00a0\u00bb4.20.4&Prime; _module_preset=\u00a0\u00bbdefault\u00a0\u00bb hover_enabled=\u00a0\u00bb0&Prime; global_colors_info=\u00a0\u00bb{}\u00a0\u00bb theme_builder_area=\u00a0\u00bbpost_content\u00a0\u00bb sticky_enabled=\u00a0\u00bb0&Prime;][et_pb_text _builder_version=\u00a0\u00bb4.20.4&Prime; _module_preset=\u00a0\u00bbdefault\u00a0\u00bb hover_enabled=\u00a0\u00bb0&Prime; inline_fonts=\u00a0\u00bbPoppins\u00a0\u00bb global_colors_info=\u00a0\u00bb{}\u00a0\u00bb theme_builder_area=\u00a0\u00bbpost_content\u00a0\u00bb sticky_enabled=\u00a0\u00bb0&Prime;]<\/p>\n<h1 style=\"text-align: center;\"><span style=\"color: #339966;\">Bonjour \ud83d\udc4b<\/span><span style=\"color: #339966;\"><\/span><\/h1>\n<h2 style=\"text-align: center;\">Tu t&rsquo;appr\u00eates \u00e0 prendre le v\u00e9lo ?<\/h2>\n<p>[\/et_pb_text][et_pb_text _builder_version=\u00a0\u00bb4.20.4&Prime; _module_preset=\u00a0\u00bbdefault\u00a0\u00bb hover_enabled=\u00a0\u00bb0&Prime; inline_fonts=\u00a0\u00bbPoppins\u00a0\u00bb global_colors_info=\u00a0\u00bb{}\u00a0\u00bb theme_builder_area=\u00a0\u00bbpost_content\u00a0\u00bb sticky_enabled=\u00a0\u00bb0&Prime; text_font_size=\u00a0\u00bb17px\u00a0\u00bb]<\/p>\n<div>Cette action est peut-\u00eatre anodine pour toi mais elle contribue \u00e0 r\u00e9duire ton impact carbone !<strong><br \/><\/strong><\/div>\n<div><strong>Sais-tu qu&rsquo;il existe plein de solutions faciles \u00e0 mettre en place pour adopter des habitudes plus \u00e9cologiques ?\u00a0<\/strong><\/div>\n<div><strong>\u00a0<\/strong><\/div>\n<div>\n<p>Viens challenger tes habitudes en participant \u00e0 notre prochaine \u00e9dition le<strong> 25 septembre !<\/strong><span style=\"font-size: 17px;\">\u00a0<\/span><\/p>\n<p><span style=\"font-size: 17px;\"><\/span>De quoi il s&rsquo;agit ?<\/p>\n<p>&#8211; Un challenge ludique de d\u00e9fis environnementaux<br \/>&#8211; \u00c0 vivre pendant 3 semaines<br \/>&#8211; Entre ami.e.s, famille, voisin.e.s<br \/>&#8211; Directement depuis ton t\u00e9l\u00e9phone<\/p>\n<p><strong>Prendre le v\u00e9lo pour aller au travail, par exemple, rapporte 4 points dans le jeu ! \ud83e\udd73<\/strong><\/p>\n<p>En + : Le jeu est gratuit pour le grand public<\/p>\n<p>Si tu es int\u00e9ress\u00e9.e, viens nous rejoindre lors de l&rsquo;un de nos <span style=\"text-decoration: underline;\"><a href=\"https:\/\/www.eventbrite.fr\/e\/billets-echangeformation-avec-les-futures-ambassadeursrices-grand-public-319522278737?aff=site\">webinaire<\/a><\/span> de pr\u00e9sentation ou regarde la <span style=\"text-decoration: underline;\"><a href=\"https:\/\/youtu.be\/b3JQ6VxRvpc\">vid\u00e9o d&rsquo;auto-formation<\/a><\/span> pour comprendre la m\u00e9canique du jeu.<\/p>\n<\/div>\n<div><\/div>\n<div>En esp\u00e9rant te retrouver parmi nos MPP Players !<\/div>\n<p>[\/et_pb_text][et_pb_button button_url=\u00a0\u00bbhttps:\/\/www.eventbrite.fr\/e\/billets-echangeformation-avec-les-futures-ambassadeursrices-grand-public-319522278737?aff=site\u00a0\u00bb url_new_window=\u00a0\u00bbon\u00a0\u00bb button_text=\u00a0\u00bbJe participe \u00e0 un webinaire\u00a0\u00bb button_alignment=\u00a0\u00bbleft\u00a0\u00bb button_alignment_tablet=\u00a0\u00bbleft\u00a0\u00bb button_alignment_phone=\u00a0\u00bbcenter\u00a0\u00bb button_alignment_last_edited=\u00a0\u00bbon|phone\u00a0\u00bb _builder_version=\u00a0\u00bb4.20.4&Prime; _module_preset=\u00a0\u00bbdefault\u00a0\u00bb custom_button=\u00a0\u00bbon\u00a0\u00bb button_text_size=\u00a0\u00bb18px\u00a0\u00bb button_text_color=\u00a0\u00bb#EEF9FB\u00a0\u00bb button_bg_color=\u00a0\u00bb#21BE8B\u00a0\u00bb button_border_width=\u00a0\u00bb0px\u00a0\u00bb button_border_radius=\u00a0\u00bb100px\u00a0\u00bb button_font=\u00a0\u00bbPoppins|700||on|||||\u00a0\u00bb button_icon=\u00a0\u00bb&#x35;||divi||400&Prime; button_icon_color=\u00a0\u00bb#21be8b\u00a0\u00bb button_on_hover=\u00a0\u00bboff\u00a0\u00bb background_layout=\u00a0\u00bbdark\u00a0\u00bb custom_margin=\u00a0\u00bb||||false|false\u00a0\u00bb custom_padding=\u00a0\u00bb10px|45px|10px|25px|true|false\u00a0\u00bb hover_enabled=\u00a0\u00bb0&Prime; button_text_size_tablet=\u00a0\u00bb18px\u00a0\u00bb button_text_size_phone=\u00a0\u00bb15px\u00a0\u00bb button_text_size_last_edited=\u00a0\u00bbon|phone\u00a0\u00bb box_shadow_style=\u00a0\u00bbpreset2&Prime; box_shadow_spread=\u00a0\u00bb-5px\u00a0\u00bb locked=\u00a0\u00bboff\u00a0\u00bb global_colors_info=\u00a0\u00bb{}\u00a0\u00bb theme_builder_area=\u00a0\u00bbpost_content\u00a0\u00bb sticky_enabled=\u00a0\u00bb0&Prime;][\/et_pb_button][et_pb_button button_url=\u00a0\u00bbhttps:\/\/youtu.be\/b3JQ6VxRvpc\u00a0\u00bb url_new_window=\u00a0\u00bbon\u00a0\u00bb button_text=\u00a0\u00bbJe regarde la vid\u00e9o d&rsquo;auto-formation\u00a0\u00bb button_alignment=\u00a0\u00bbleft\u00a0\u00bb button_alignment_tablet=\u00a0\u00bbleft\u00a0\u00bb button_alignment_phone=\u00a0\u00bbcenter\u00a0\u00bb button_alignment_last_edited=\u00a0\u00bbon|phone\u00a0\u00bb _builder_version=\u00a0\u00bb4.20.4&Prime; _module_preset=\u00a0\u00bbdefault\u00a0\u00bb custom_button=\u00a0\u00bbon\u00a0\u00bb button_text_size=\u00a0\u00bb18px\u00a0\u00bb button_text_color=\u00a0\u00bb#EEF9FB\u00a0\u00bb button_bg_color=\u00a0\u00bb#21BE8B\u00a0\u00bb button_border_width=\u00a0\u00bb0px\u00a0\u00bb button_border_radius=\u00a0\u00bb100px\u00a0\u00bb button_font=\u00a0\u00bbPoppins|700||on|||||\u00a0\u00bb button_icon=\u00a0\u00bb&#x35;||divi||400&Prime; button_icon_color=\u00a0\u00bb#21be8b\u00a0\u00bb button_on_hover=\u00a0\u00bboff\u00a0\u00bb background_layout=\u00a0\u00bbdark\u00a0\u00bb custom_margin=\u00a0\u00bb||||false|false\u00a0\u00bb custom_padding=\u00a0\u00bb10px|45px|10px|25px|true|false\u00a0\u00bb hover_enabled=\u00a0\u00bb0&Prime; button_text_size_tablet=\u00a0\u00bb18px\u00a0\u00bb button_text_size_phone=\u00a0\u00bb15px\u00a0\u00bb button_text_size_last_edited=\u00a0\u00bbon|phone\u00a0\u00bb box_shadow_style=\u00a0\u00bbpreset2&Prime; box_shadow_spread=\u00a0\u00bb-5px\u00a0\u00bb locked=\u00a0\u00bboff\u00a0\u00bb global_colors_info=\u00a0\u00bb{}\u00a0\u00bb theme_builder_area=\u00a0\u00bbpost_content\u00a0\u00bb sticky_enabled=\u00a0\u00bb0&Prime;][\/et_pb_button][\/et_pb_column][\/et_pb_row][\/et_pb_section]<\/p>\n","protected":false},"excerpt":{"rendered":"<p>Bonjour \ud83d\udc4b Tu t&rsquo;appr\u00eates \u00e0 prendre le v\u00e9lo ?Cette action est peut-\u00eatre anodine pour toi mais elle contribue \u00e0 r\u00e9duire ton impact carbone ! Sais-tu qu&rsquo;il existe plein de solutions faciles \u00e0 mettre en place pour adopter des habitudes plus \u00e9cologiques ?\u00a0 \u00a0 Viens challenger tes habitudes en participant \u00e0 notre prochaine \u00e9dition le 25 [&hellip;]<\/p>\n","protected":false},"author":28,"featured_media":0,"parent":0,"menu_order":0,"comment_status":"closed","ping_status":"closed","template":"","meta":{"_et_pb_use_builder":"on","_et_pb_old_content":"","_et_gb_content_width":"","content-type":"","inline_featured_image":false,"footnotes":""},"class_list":["post-34151","page","type-page","status-publish","hentry"],"yoast_head":"<!-- This site is optimized with the Yoast SEO plugin v27.3 - https:\/\/yoast.com\/product\/yoast-seo-wordpress\/ -->\n<title>Prendre le v\u00e9lo - Ma Petite Plan\u00e8te<\/title>\n<meta name=\"robots\" content=\"index, follow, max-snippet:-1, max-image-preview:large, max-video-preview:-1\" \/>\n<link rel=\"canonical\" href=\"https:\/\/mapetiteplanete.org\/de\/prendrelevelo\/\" \/>\n<meta property=\"og:locale\" content=\"de_DE\" \/>\n<meta property=\"og:type\" content=\"article\" \/>\n<meta property=\"og:title\" content=\"Prendre le v\u00e9lo - Ma Petite Plan\u00e8te\" \/>\n<meta property=\"og:description\" content=\"Bonjour \ud83d\udc4b Tu t&#039;appr\u00eates \u00e0 prendre le v\u00e9lo ?Cette action est peut-\u00eatre anodine pour toi mais elle contribue \u00e0 r\u00e9duire ton impact carbone ! Sais-tu qu&#039;il existe plein de solutions faciles \u00e0 mettre en place pour adopter des habitudes plus \u00e9cologiques ?\u00a0 \u00a0 Viens challenger tes habitudes en participant \u00e0 notre prochaine \u00e9dition le 25 [&hellip;]\" \/>\n<meta property=\"og:url\" content=\"https:\/\/mapetiteplanete.org\/de\/prendrelevelo\/\" \/>\n<meta property=\"og:site_name\" content=\"Ma Petite Plan\u00e8te\" \/>\n<meta property=\"article:publisher\" content=\"https:\/\/www.facebook.com\/MaPetitePlaneteLeJeu\" \/>\n<meta property=\"article:modified_time\" content=\"2023-08-30T15:45:29+00:00\" \/>\n<meta property=\"og:image\" content=\"https:\/\/mapetiteplanete.org\/wp-content\/uploads\/2021\/02\/Logos_MPP_Vectorise-couleur-1.png\" \/>\n\t<meta property=\"og:image:width\" content=\"591\" \/>\n\t<meta property=\"og:image:height\" content=\"277\" \/>\n\t<meta property=\"og:image:type\" content=\"image\/png\" \/>\n<meta name=\"twitter:card\" content=\"summary_large_image\" \/>\n<script type=\"application\/ld+json\" class=\"yoast-schema-graph\">{\"@context\":\"https:\\\/\\\/schema.org\",\"@graph\":[{\"@type\":\"WebPage\",\"@id\":\"https:\\\/\\\/mapetiteplanete.org\\\/prendrelevelo\\\/\",\"url\":\"https:\\\/\\\/mapetiteplanete.org\\\/prendrelevelo\\\/\",\"name\":\"Prendre le v\u00e9lo - Ma Petite Plan\u00e8te\",\"isPartOf\":{\"@id\":\"https:\\\/\\\/mapetiteplanete.org\\\/#website\"},\"datePublished\":\"2023-08-29T15:09:30+00:00\",\"dateModified\":\"2023-08-30T15:45:29+00:00\",\"breadcrumb\":{\"@id\":\"https:\\\/\\\/mapetiteplanete.org\\\/prendrelevelo\\\/#breadcrumb\"},\"inLanguage\":\"de\",\"potentialAction\":[{\"@type\":\"ReadAction\",\"target\":[\"https:\\\/\\\/mapetiteplanete.org\\\/prendrelevelo\\\/\"]}]},{\"@type\":\"BreadcrumbList\",\"@id\":\"https:\\\/\\\/mapetiteplanete.org\\\/prendrelevelo\\\/#breadcrumb\",\"itemListElement\":[{\"@type\":\"ListItem\",\"position\":1,\"name\":\"MPP, challenge \u00e9cologique\",\"item\":\"https:\\\/\\\/mapetiteplanete.org\\\/\"},{\"@type\":\"ListItem\",\"position\":2,\"name\":\"Prendre le v\u00e9lo\"}]},{\"@type\":\"WebSite\",\"@id\":\"https:\\\/\\\/mapetiteplanete.org\\\/#website\",\"url\":\"https:\\\/\\\/mapetiteplanete.org\\\/\",\"name\":\"Ma Petite Plan\u00e8te\",\"description\":\"La comp\u00e9tition de d\u00e9fis \u00e9cologiques\",\"publisher\":{\"@id\":\"https:\\\/\\\/mapetiteplanete.org\\\/#organization\"},\"potentialAction\":[{\"@type\":\"SearchAction\",\"target\":{\"@type\":\"EntryPoint\",\"urlTemplate\":\"https:\\\/\\\/mapetiteplanete.org\\\/?s={search_term_string}\"},\"query-input\":{\"@type\":\"PropertyValueSpecification\",\"valueRequired\":true,\"valueName\":\"search_term_string\"}}],\"inLanguage\":\"de\"},{\"@type\":\"Organization\",\"@id\":\"https:\\\/\\\/mapetiteplanete.org\\\/#organization\",\"name\":\"Ma Petite Planete\",\"url\":\"https:\\\/\\\/mapetiteplanete.org\\\/\",\"logo\":{\"@type\":\"ImageObject\",\"inLanguage\":\"de\",\"@id\":\"https:\\\/\\\/mapetiteplanete.org\\\/#\\\/schema\\\/logo\\\/image\\\/\",\"url\":\"https:\\\/\\\/mapetiteplanete.org\\\/wp-content\\\/uploads\\\/2020\\\/10\\\/cropped-logo_mpp.png\",\"contentUrl\":\"https:\\\/\\\/mapetiteplanete.org\\\/wp-content\\\/uploads\\\/2020\\\/10\\\/cropped-logo_mpp.png\",\"width\":512,\"height\":512,\"caption\":\"Ma Petite Planete\"},\"image\":{\"@id\":\"https:\\\/\\\/mapetiteplanete.org\\\/#\\\/schema\\\/logo\\\/image\\\/\"},\"sameAs\":[\"https:\\\/\\\/www.facebook.com\\\/MaPetitePlaneteLeJeu\",\"https:\\\/\\\/www.instagram.com\\\/mapetiteplanete_le_jeu\\\/\",\"https:\\\/\\\/www.linkedin.com\\\/company\\\/ma-petite-plante\\\/?viewAsMember=true\"]}]}<\/script>\n<!-- \/ Yoast SEO plugin. -->","yoast_head_json":{"title":"Prendre le v\u00e9lo - Ma Petite Plan\u00e8te","robots":{"index":"index","follow":"follow","max-snippet":"max-snippet:-1","max-image-preview":"max-image-preview:large","max-video-preview":"max-video-preview:-1"},"canonical":"https:\/\/mapetiteplanete.org\/de\/prendrelevelo\/","og_locale":"de_DE","og_type":"article","og_title":"Prendre le v\u00e9lo - Ma Petite Plan\u00e8te","og_description":"Bonjour \ud83d\udc4b Tu t'appr\u00eates \u00e0 prendre le v\u00e9lo ?Cette action est peut-\u00eatre anodine pour toi mais elle contribue \u00e0 r\u00e9duire ton impact carbone ! Sais-tu qu'il existe plein de solutions faciles \u00e0 mettre en place pour adopter des habitudes plus \u00e9cologiques ?\u00a0 \u00a0 Viens challenger tes habitudes en participant \u00e0 notre prochaine \u00e9dition le 25 [&hellip;]","og_url":"https:\/\/mapetiteplanete.org\/de\/prendrelevelo\/","og_site_name":"Ma Petite Plan\u00e8te","article_publisher":"https:\/\/www.facebook.com\/MaPetitePlaneteLeJeu","article_modified_time":"2023-08-30T15:45:29+00:00","og_image":[{"width":591,"height":277,"url":"https:\/\/mapetiteplanete.org\/wp-content\/uploads\/2021\/02\/Logos_MPP_Vectorise-couleur-1.png","type":"image\/png"}],"twitter_card":"summary_large_image","schema":{"@context":"https:\/\/schema.org","@graph":[{"@type":"WebPage","@id":"https:\/\/mapetiteplanete.org\/prendrelevelo\/","url":"https:\/\/mapetiteplanete.org\/prendrelevelo\/","name":"Prendre le v\u00e9lo - Ma Petite Plan\u00e8te","isPartOf":{"@id":"https:\/\/mapetiteplanete.org\/#website"},"datePublished":"2023-08-29T15:09:30+00:00","dateModified":"2023-08-30T15:45:29+00:00","breadcrumb":{"@id":"https:\/\/mapetiteplanete.org\/prendrelevelo\/#breadcrumb"},"inLanguage":"de","potentialAction":[{"@type":"ReadAction","target":["https:\/\/mapetiteplanete.org\/prendrelevelo\/"]}]},{"@type":"BreadcrumbList","@id":"https:\/\/mapetiteplanete.org\/prendrelevelo\/#breadcrumb","itemListElement":[{"@type":"ListItem","position":1,"name":"MPP, challenge \u00e9cologique","item":"https:\/\/mapetiteplanete.org\/"},{"@type":"ListItem","position":2,"name":"Prendre le v\u00e9lo"}]},{"@type":"WebSite","@id":"https:\/\/mapetiteplanete.org\/#website","url":"https:\/\/mapetiteplanete.org\/","name":"Ma Petite Plan\u00e8te Schul","description":"Der Wettstreit \u00f6kologischer Herausforderungen","publisher":{"@id":"https:\/\/mapetiteplanete.org\/#organization"},"potentialAction":[{"@type":"SearchAction","target":{"@type":"EntryPoint","urlTemplate":"https:\/\/mapetiteplanete.org\/?s={search_term_string}"},"query-input":{"@type":"PropertyValueSpecification","valueRequired":true,"valueName":"search_term_string"}}],"inLanguage":"de"},{"@type":"Organization","@id":"https:\/\/mapetiteplanete.org\/#organization","name":"Mein kleiner Planet","url":"https:\/\/mapetiteplanete.org\/","logo":{"@type":"ImageObject","inLanguage":"de","@id":"https:\/\/mapetiteplanete.org\/#\/schema\/logo\/image\/","url":"https:\/\/mapetiteplanete.org\/wp-content\/uploads\/2020\/10\/cropped-logo_mpp.png","contentUrl":"https:\/\/mapetiteplanete.org\/wp-content\/uploads\/2020\/10\/cropped-logo_mpp.png","width":512,"height":512,"caption":"Ma Petite Planete"},"image":{"@id":"https:\/\/mapetiteplanete.org\/#\/schema\/logo\/image\/"},"sameAs":["https:\/\/www.facebook.com\/MaPetitePlaneteLeJeu","https:\/\/www.instagram.com\/mapetiteplanete_le_jeu\/","https:\/\/www.linkedin.com\/company\/ma-petite-plante\/?viewAsMember=true"]}]}},"_links":{"self":[{"href":"https:\/\/mapetiteplanete.org\/de\/wp-json\/wp\/v2\/pages\/34151","targetHints":{"allow":["GET"]}}],"collection":[{"href":"https:\/\/mapetiteplanete.org\/de\/wp-json\/wp\/v2\/pages"}],"about":[{"href":"https:\/\/mapetiteplanete.org\/de\/wp-json\/wp\/v2\/types\/page"}],"author":[{"embeddable":true,"href":"https:\/\/mapetiteplanete.org\/de\/wp-json\/wp\/v2\/users\/28"}],"replies":[{"embeddable":true,"href":"https:\/\/mapetiteplanete.org\/de\/wp-json\/wp\/v2\/comments?post=34151"}],"version-history":[{"count":12,"href":"https:\/\/mapetiteplanete.org\/de\/wp-json\/wp\/v2\/pages\/34151\/revisions"}],"predecessor-version":[{"id":34187,"href":"https:\/\/mapetiteplanete.org\/de\/wp-json\/wp\/v2\/pages\/34151\/revisions\/34187"}],"wp:attachment":[{"href":"https:\/\/mapetiteplanete.org\/de\/wp-json\/wp\/v2\/media?parent=34151"}],"curies":[{"name":"wp","href":"https:\/\/api.w.org\/{rel}","templated":true}]}}