{"id":29760,"date":"2022-06-30T17:19:23","date_gmt":"2022-06-30T15:19:23","guid":{"rendered":"https:\/\/mapetiteplanete.org\/?page_id=29760"},"modified":"2025-03-04T19:29:52","modified_gmt":"2025-03-04T18:29:52","slug":"blog_mobilite","status":"publish","type":"page","link":"https:\/\/mapetiteplanete.org\/de\/blog_mobilite\/","title":{"rendered":"Mobilit\u00e4t"},"content":{"rendered":"\n[et_pb_section fb_built=\u00a0\u00bb1&Prime; _builder_version=\u00a0\u00bb4.17.4&Prime; _module_preset=\u00a0\u00bbdefault\u00a0\u00bb global_colors_info=\u00a0\u00bb{}\u00a0\u00bb][et_pb_row _builder_version=\u00a0\u00bb4.17.4&Prime; _module_preset=\u00a0\u00bbdefault\u00a0\u00bb width=\u00a0\u00bb100%\u00a0\u00bb max_width=\u00a0\u00bb100%\u00a0\u00bb global_colors_info=\u00a0\u00bb{}\u00a0\u00bb][et_pb_column type=\u00a0\u00bb4_4&Prime; _builder_version=\u00a0\u00bb4.17.4&Prime; _module_preset=\u00a0\u00bbdefault\u00a0\u00bb global_colors_info=\u00a0\u00bb{}\u00a0\u00bb][et_pb_image src=\u00a0\u00bbhttps:\/\/mapetiteplanete.org\/wp-content\/uploads\/2022\/09\/gg.png\u00a0\u00bb alt=\u00a0\u00bbmobilite douce\u00a0\u00bb title_text=\u00a0\u00bbmobilite douce\u00a0\u00bb _builder_version=\u00a0\u00bb4.18.0&Prime; _module_preset=\u00a0\u00bbdefault\u00a0\u00bb custom_margin=\u00a0\u00bb||-165px||false|false\u00a0\u00bb custom_margin_tablet=\u00a0\u00bb||0px||false|false\u00a0\u00bb custom_margin_phone=\u00a0\u00bb-80px||0px||false|false\u00a0\u00bb custom_margin_last_edited=\u00a0\u00bbon|phone\u00a0\u00bb global_colors_info=\u00a0\u00bb{}\u00a0\u00bb][\/et_pb_image][et_pb_text _builder_version=\u00a0\u00bb4.17.4&Prime; _module_preset=\u00a0\u00bbdefault\u00a0\u00bb text_text_color=\u00a0\u00bb#EF6B51&Prime; global_colors_info=\u00a0\u00bb{}\u00a0\u00bb]<p style=\"text-align: center;\">ZOOM PLAN\u00c8TE<\/p>[\/et_pb_text][et_pb_text _builder_version=\u00a0\u00bb4.17.4&Prime; _module_preset=\u00a0\u00bbdefault\u00a0\u00bb text_text_color=\u00a0\u00bb#000000&Prime; width=\u00a0\u00bb43%\u00a0\u00bb module_alignment=\u00a0\u00bbcenter\u00a0\u00bb custom_margin=\u00a0\u00bb||5rem||false|false\u00a0\u00bb global_colors_info=\u00a0\u00bb{}\u00a0\u00bb]<h1 style=\"text-align: center;\"><span style=\"color: #000000;\">La mobilit\u00e9<\/span><\/h1>[\/et_pb_text][et_pb_text _builder_version=\u00a0\u00bb4.17.4&Prime; _module_preset=\u00a0\u00bbdefault\u00a0\u00bb text_font=\u00a0\u00bbPoppins|300|||||||\u00a0\u00bb text_text_color=\u00a0\u00bb#878a92&Prime; text_font_size=\u00a0\u00bb15px\u00a0\u00bb text_line_height=\u00a0\u00bb2.1rem\u00a0\u00bb text_orientation=\u00a0\u00bbcenter\u00a0\u00bb width=\u00a0\u00bb91%\u00a0\u00bb module_alignment=\u00a0\u00bbcenter\u00a0\u00bb custom_margin=\u00a0\u00bb||||false|false\u00a0\u00bb custom_padding=\u00a0\u00bb||||false|false\u00a0\u00bb global_colors_info=\u00a0\u00bb{}\u00a0\u00bb custom_padding__hover_enabled=\u00a0\u00bbon|desktop\u00a0\u00bb custom_padding__hover=\u00a0\u00bb||||false|false\u00a0\u00bb]<p><span style=\"font-weight: 400;\">Entre chaque \u00e9dition, retrouve un dossier sp\u00e9cial sur une th\u00e9matique \u00e9colo ! <\/span><span style=\"font-weight: 400;\"><br \/><\/span><span style=\"font-weight: 400;\">En d\u2019autres mots, 4 mois pour devenir in-col-lable, \u00e0 base de tutos, enqu\u00eates, infographies, articles, interviews\u2026et autres astuces ! \ud83d\ude0e<\/span><span style=\"font-weight: 400;\"><br \/><\/span><span style=\"font-weight: 400;\"><br \/><\/span><span style=\"font-weight: 400;\">Le th\u00e8me du moment ? La mobilit\u00e9 \ud83d\udeb4\u200d\u2640\ufe0f<\/span><span style=\"font-weight: 400;\"><br \/><\/span><span style=\"font-weight: 400;\">Les transports sont responsables de 29 % des \u00e9missions de gaz \u00e0 effet de serre en France. Ce qui en fait le secteur le plus polluant \ud83d\ude2e<\/span><span style=\"font-weight: 400;\"><br \/><\/span><span style=\"font-weight: 400;\"><br \/><\/span><span style=\"font-weight: 400;\">Alors comment faire la transition vers une mobilit\u00e9 durable ? <\/span><span style=\"font-weight: 400;\">D\u00e9couvre avec nous toutes ces douces alternatives !<\/span><\/p>[\/et_pb_text][et_pb_text _builder_version=\u00a0\u00bb4.17.4&Prime; _module_preset=\u00a0\u00bbdefault\u00a0\u00bb text_font=\u00a0\u00bbPoppins||||||||\u00a0\u00bb text_text_color=\u00a0\u00bb#333333&Prime; text_orientation=\u00a0\u00bbright\u00a0\u00bb width=\u00a0\u00bb56%\u00a0\u00bb module_alignment=\u00a0\u00bbcenter\u00a0\u00bb global_colors_info=\u00a0\u00bb{}\u00a0\u00bb]<p><span style=\"text-decoration: line-through;\">\u00a0 \u00a0<\/span> DU 04 JUILLET AU 26 SEPTEMBRE 2022<\/p>[\/et_pb_text][\/et_pb_column][\/et_pb_row][et_pb_row _builder_version=\u00a0\u00bb4.17.4&Prime; _module_preset=\u00a0\u00bbdefault\u00a0\u00bb width_tablet=\u00a0\u00bb58%\u00a0\u00bb width_phone=\u00a0\u00bb58%\u00a0\u00bb width_last_edited=\u00a0\u00bbon|tablet\u00a0\u00bb global_colors_info=\u00a0\u00bb{}\u00a0\u00bb][et_pb_column type=\u00a0\u00bb4_4&Prime; _builder_version=\u00a0\u00bb4.17.4&Prime; _module_preset=\u00a0\u00bbdefault\u00a0\u00bb global_colors_info=\u00a0\u00bb{}\u00a0\u00bb][et_pb_search exclude_pages=\u00a0\u00bbon\u00a0\u00bb include_categories=\u00a0\u00bb46,45,1,35,31,32&Prime; placeholder=\u00a0\u00bbRechercher un article&#8230; \u00a0\u00bb button_color=\u00a0\u00bb#21be8b\u00a0\u00bb placeholder_color=\u00a0\u00bb#878a92&Prime; _builder_version=\u00a0\u00bb4.17.4&Prime; _module_preset=\u00a0\u00bbdefault\u00a0\u00bb button_font=\u00a0\u00bb|300|||||||\u00a0\u00bb button_text_color=\u00a0\u00bb#ffffff\u00a0\u00bb form_field_font=\u00a0\u00bbPoppins||||||||\u00a0\u00bb form_field_line_height=\u00a0\u00bb1.2em\u00a0\u00bb width=\u00a0\u00bb37%\u00a0\u00bb width_tablet=\u00a0\u00bb37%\u00a0\u00bb width_phone=\u00a0\u00bb100%\u00a0\u00bb width_last_edited=\u00a0\u00bbon|phone\u00a0\u00bb max_width=\u00a0\u00bb100%\u00a0\u00bb module_alignment=\u00a0\u00bbcenter\u00a0\u00bb border_radii=\u00a0\u00bbon|34px|34px|34px|34px\u00a0\u00bb border_radii_tablet=\u00a0\u00bbon|34px|34px|34px|34px\u00a0\u00bb border_radii_phone=\u00a0\u00bbon||||\u00a0\u00bb border_radii_last_edited=\u00a0\u00bbon|phone\u00a0\u00bb global_colors_info=\u00a0\u00bb{}\u00a0\u00bb show_button__hover_enabled=\u00a0\u00bbon|desktop\u00a0\u00bb][\/et_pb_search][\/et_pb_column][\/et_pb_row][et_pb_row use_custom_gutter=\u00a0\u00bbon\u00a0\u00bb gutter_width=\u00a0\u00bb4&Prime; make_equal=\u00a0\u00bbon\u00a0\u00bb _builder_version=\u00a0\u00bb4.17.4&Prime; _module_preset=\u00a0\u00bbdefault\u00a0\u00bb width=\u00a0\u00bb93%\u00a0\u00bb width_tablet=\u00a0\u00bb100%\u00a0\u00bb width_phone=\u00a0\u00bb100%\u00a0\u00bb width_last_edited=\u00a0\u00bbon|phone\u00a0\u00bb max_width=\u00a0\u00bb100%\u00a0\u00bb global_colors_info=\u00a0\u00bb{}\u00a0\u00bb][et_pb_column type=\u00a0\u00bb4_4&Prime; _builder_version=\u00a0\u00bb4.17.4&Prime; _module_preset=\u00a0\u00bbdefault\u00a0\u00bb global_colors_info=\u00a0\u00bb{}\u00a0\u00bb][et_pb_blog fullwidth=\u00a0\u00bboff\u00a0\u00bb posts_number=\u00a0\u00bb100&Prime; include_categories=\u00a0\u00bb36&Prime; meta_date=\u00a0\u00bbj M Y\u00a0\u00bb use_manual_excerpt=\u00a0\u00bboff\u00a0\u00bb show_author=\u00a0\u00bboff\u00a0\u00bb show_excerpt=\u00a0\u00bboff\u00a0\u00bb show_pagination=\u00a0\u00bboff\u00a0\u00bb masonry_tile_background_color=\u00a0\u00bb#8CD7E5&Prime; _builder_version=\u00a0\u00bb4.18.0&Prime; _module_preset=\u00a0\u00bbdefault\u00a0\u00bb header_font=\u00a0\u00bbPoppins|600|||||||\u00a0\u00bb header_text_color=\u00a0\u00bb#333333&Prime; body_font=\u00a0\u00bbPoppins||||||||\u00a0\u00bb body_text_color=\u00a0\u00bb#2C2C69&Prime; meta_font=\u00a0\u00bbPoppins||||||||\u00a0\u00bb meta_text_color=\u00a0\u00bb#333333&Prime; background_color=\u00a0\u00bbRGBA(255,255,255,0)\u00a0\u00bb width_tablet=\u00a0\u00bb100%\u00a0\u00bb width_phone=\u00a0\u00bb100%\u00a0\u00bb width_last_edited=\u00a0\u00bbon|tablet\u00a0\u00bb max_width=\u00a0\u00bb100%\u00a0\u00bb max_width_tablet=\u00a0\u00bb70%\u00a0\u00bb max_width_phone=\u00a0\u00bb70%\u00a0\u00bb max_width_last_edited=\u00a0\u00bbon|tablet\u00a0\u00bb module_alignment=\u00a0\u00bbcenter\u00a0\u00bb hover_enabled=\u00a0\u00bb0&Prime; border_radii=\u00a0\u00bbon|10px|10px|10px|10px\u00a0\u00bb border_width_all=\u00a0\u00bb0px\u00a0\u00bb border_color_all=\u00a0\u00bbRGBA(255,255,255,0)\u00a0\u00bb border_radii_image=\u00a0\u00bbon|14px|14px|14px|14px\u00a0\u00bb border_width_all_image=\u00a0\u00bb11px\u00a0\u00bb border_color_all_image=\u00a0\u00bb#8CD7E5&Prime; global_colors_info=\u00a0\u00bb{}\u00a0\u00bb sticky_enabled=\u00a0\u00bb0&Prime;][\/et_pb_blog][\/et_pb_column][\/et_pb_row][et_pb_row _builder_version=\u00a0\u00bb4.17.4&Prime; _module_preset=\u00a0\u00bbdefault\u00a0\u00bb global_colors_info=\u00a0\u00bb{}\u00a0\u00bb][et_pb_column type=\u00a0\u00bb4_4&Prime; _builder_version=\u00a0\u00bb4.17.4&Prime; _module_preset=\u00a0\u00bbdefault\u00a0\u00bb global_colors_info=\u00a0\u00bb{}\u00a0\u00bb][et_pb_text _builder_version=\u00a0\u00bb4.17.4&Prime; _module_preset=\u00a0\u00bbdefault\u00a0\u00bb text_font=\u00a0\u00bbPoppins||||||||\u00a0\u00bb text_text_color=\u00a0\u00bb#EF6B51&Prime; text_letter_spacing=\u00a0\u00bb2px\u00a0\u00bb custom_margin=\u00a0\u00bb||8px||false|false\u00a0\u00bb global_colors_info=\u00a0\u00bb{}\u00a0\u00bb]<p>LES TH\u00c8MES MPP<\/p>[\/et_pb_text][et_pb_text _builder_version=\u00a0\u00bb4.17.4&Prime; _module_preset=\u00a0\u00bbdefault\u00a0\u00bb text_font=\u00a0\u00bbPoppins|600|||||||\u00a0\u00bb text_text_color=\u00a0\u00bb#333333&Prime; text_font_size=\u00a0\u00bb23px\u00a0\u00bb global_colors_info=\u00a0\u00bb{}\u00a0\u00bb]<p>Les prochains th\u00e8mes<\/p>[\/et_pb_text][et_pb_image src=\u00a0\u00bbhttps:\/\/mapetiteplanete.org\/wp-content\/uploads\/2022\/09\/zero-dechet.jpg\u00a0\u00bb alt=\u00a0\u00bbzero dechet\u00a0\u00bb title_text=\u00a0\u00bbzero dechet\u00a0\u00bb _builder_version=\u00a0\u00bb4.18.0&Prime; _module_preset=\u00a0\u00bbdefault\u00a0\u00bb width=\u00a0\u00bb21%\u00a0\u00bb width_tablet=\u00a0\u00bb44%\u00a0\u00bb width_phone=\u00a0\u00bb55%\u00a0\u00bb width_last_edited=\u00a0\u00bbon|phone\u00a0\u00bb module_alignment_tablet=\u00a0\u00bbleft\u00a0\u00bb module_alignment_phone=\u00a0\u00bbcenter\u00a0\u00bb module_alignment_last_edited=\u00a0\u00bbon|phone\u00a0\u00bb global_colors_info=\u00a0\u00bb{}\u00a0\u00bb][\/et_pb_image][\/et_pb_column][\/et_pb_row][\/et_pb_section]\n","protected":false},"excerpt":{"rendered":"<p>ZOOM PLAN\u00c8TELa mobilit\u00e9Entre chaque \u00e9dition, retrouve un dossier sp\u00e9cial sur une th\u00e9matique \u00e9colo ! En d\u2019autres mots, 4 mois pour devenir in-col-lable, \u00e0 base de tutos, enqu\u00eates, infographies, articles, interviews\u2026et autres astuces ! \ud83d\ude0eLe th\u00e8me du moment ? La mobilit\u00e9 \ud83d\udeb4\u200d\u2640\ufe0fLes transports sont responsables de 29 % des \u00e9missions de gaz \u00e0 effet de serre [&hellip;]<\/p>\n","protected":false},"author":25,"featured_media":0,"parent":0,"menu_order":0,"comment_status":"closed","ping_status":"closed","template":"","meta":{"_et_pb_use_builder":"on","_et_pb_old_content":"","_et_gb_content_width":"","content-type":"","inline_featured_image":false,"footnotes":""},"class_list":["post-29760","page","type-page","status-publish","hentry"],"yoast_head":"<!-- This site is optimized with the Yoast SEO plugin v27.3 - https:\/\/yoast.com\/product\/yoast-seo-wordpress\/ -->\n<title>Mobilit\u00e9 - Ma Petite Plan\u00e8te<\/title>\n<meta name=\"robots\" content=\"index, follow, max-snippet:-1, max-image-preview:large, max-video-preview:-1\" \/>\n<link rel=\"canonical\" href=\"https:\/\/mapetiteplanete.org\/de\/blog_mobilite\/\" \/>\n<meta property=\"og:locale\" content=\"de_DE\" \/>\n<meta property=\"og:type\" content=\"article\" \/>\n<meta property=\"og:title\" content=\"Mobilit\u00e9 - Ma Petite Plan\u00e8te\" \/>\n<meta property=\"og:description\" content=\"ZOOM PLAN\u00c8TELa mobilit\u00e9Entre chaque \u00e9dition, retrouve un dossier sp\u00e9cial sur une th\u00e9matique \u00e9colo ! En d\u2019autres mots, 4 mois pour devenir in-col-lable, \u00e0 base de tutos, enqu\u00eates, infographies, articles, interviews\u2026et autres astuces ! \ud83d\ude0eLe th\u00e8me du moment ? La mobilit\u00e9 \ud83d\udeb4\u200d\u2640\ufe0fLes transports sont responsables de 29 % des \u00e9missions de gaz \u00e0 effet de serre [&hellip;]\" \/>\n<meta property=\"og:url\" content=\"https:\/\/mapetiteplanete.org\/de\/blog_mobilite\/\" \/>\n<meta property=\"og:site_name\" content=\"Ma Petite Plan\u00e8te\" \/>\n<meta property=\"article:publisher\" content=\"https:\/\/www.facebook.com\/MaPetitePlaneteLeJeu\" \/>\n<meta property=\"article:modified_time\" content=\"2025-03-04T18:29:52+00:00\" \/>\n<meta property=\"og:image\" content=\"https:\/\/mapetiteplanete.org\/wp-content\/uploads\/2021\/02\/Logos_MPP_Vectorise-couleur-1.png\" \/>\n\t<meta property=\"og:image:width\" content=\"591\" \/>\n\t<meta property=\"og:image:height\" content=\"277\" \/>\n\t<meta property=\"og:image:type\" content=\"image\/png\" \/>\n<meta name=\"twitter:card\" content=\"summary_large_image\" \/>\n<script type=\"application\/ld+json\" class=\"yoast-schema-graph\">{\"@context\":\"https:\\\/\\\/schema.org\",\"@graph\":[{\"@type\":\"WebPage\",\"@id\":\"https:\\\/\\\/mapetiteplanete.org\\\/blog_mobilite\\\/\",\"url\":\"https:\\\/\\\/mapetiteplanete.org\\\/blog_mobilite\\\/\",\"name\":\"Mobilit\u00e9 - Ma Petite Plan\u00e8te\",\"isPartOf\":{\"@id\":\"https:\\\/\\\/mapetiteplanete.org\\\/#website\"},\"datePublished\":\"2022-06-30T15:19:23+00:00\",\"dateModified\":\"2025-03-04T18:29:52+00:00\",\"breadcrumb\":{\"@id\":\"https:\\\/\\\/mapetiteplanete.org\\\/blog_mobilite\\\/#breadcrumb\"},\"inLanguage\":\"de\",\"potentialAction\":[{\"@type\":\"ReadAction\",\"target\":[\"https:\\\/\\\/mapetiteplanete.org\\\/blog_mobilite\\\/\"]}]},{\"@type\":\"BreadcrumbList\",\"@id\":\"https:\\\/\\\/mapetiteplanete.org\\\/blog_mobilite\\\/#breadcrumb\",\"itemListElement\":[{\"@type\":\"ListItem\",\"position\":1,\"name\":\"MPP, challenge \u00e9cologique\",\"item\":\"https:\\\/\\\/mapetiteplanete.org\\\/\"},{\"@type\":\"ListItem\",\"position\":2,\"name\":\"Mobilit\u00e9\"}]},{\"@type\":\"WebSite\",\"@id\":\"https:\\\/\\\/mapetiteplanete.org\\\/#website\",\"url\":\"https:\\\/\\\/mapetiteplanete.org\\\/\",\"name\":\"Ma Petite Plan\u00e8te\",\"description\":\"La comp\u00e9tition de d\u00e9fis \u00e9cologiques\",\"publisher\":{\"@id\":\"https:\\\/\\\/mapetiteplanete.org\\\/#organization\"},\"potentialAction\":[{\"@type\":\"SearchAction\",\"target\":{\"@type\":\"EntryPoint\",\"urlTemplate\":\"https:\\\/\\\/mapetiteplanete.org\\\/?s={search_term_string}\"},\"query-input\":{\"@type\":\"PropertyValueSpecification\",\"valueRequired\":true,\"valueName\":\"search_term_string\"}}],\"inLanguage\":\"de\"},{\"@type\":\"Organization\",\"@id\":\"https:\\\/\\\/mapetiteplanete.org\\\/#organization\",\"name\":\"Ma Petite Planete\",\"url\":\"https:\\\/\\\/mapetiteplanete.org\\\/\",\"logo\":{\"@type\":\"ImageObject\",\"inLanguage\":\"de\",\"@id\":\"https:\\\/\\\/mapetiteplanete.org\\\/#\\\/schema\\\/logo\\\/image\\\/\",\"url\":\"https:\\\/\\\/mapetiteplanete.org\\\/wp-content\\\/uploads\\\/2020\\\/10\\\/cropped-logo_mpp.png\",\"contentUrl\":\"https:\\\/\\\/mapetiteplanete.org\\\/wp-content\\\/uploads\\\/2020\\\/10\\\/cropped-logo_mpp.png\",\"width\":512,\"height\":512,\"caption\":\"Ma Petite Planete\"},\"image\":{\"@id\":\"https:\\\/\\\/mapetiteplanete.org\\\/#\\\/schema\\\/logo\\\/image\\\/\"},\"sameAs\":[\"https:\\\/\\\/www.facebook.com\\\/MaPetitePlaneteLeJeu\",\"https:\\\/\\\/www.instagram.com\\\/mapetiteplanete_le_jeu\\\/\",\"https:\\\/\\\/www.linkedin.com\\\/company\\\/ma-petite-plante\\\/?viewAsMember=true\"]}]}<\/script>\n<!-- \/ Yoast SEO plugin. -->","yoast_head_json":{"title":"Mobilit\u00e4t - Mein kleiner Planet","robots":{"index":"index","follow":"follow","max-snippet":"max-snippet:-1","max-image-preview":"max-image-preview:large","max-video-preview":"max-video-preview:-1"},"canonical":"https:\/\/mapetiteplanete.org\/de\/blog_mobilite\/","og_locale":"de_DE","og_type":"article","og_title":"Mobilit\u00e9 - Ma Petite Plan\u00e8te","og_description":"ZOOM PLAN\u00c8TELa mobilit\u00e9Entre chaque \u00e9dition, retrouve un dossier sp\u00e9cial sur une th\u00e9matique \u00e9colo ! En d\u2019autres mots, 4 mois pour devenir in-col-lable, \u00e0 base de tutos, enqu\u00eates, infographies, articles, interviews\u2026et autres astuces ! \ud83d\ude0eLe th\u00e8me du moment ? La mobilit\u00e9 \ud83d\udeb4\u200d\u2640\ufe0fLes transports sont responsables de 29 % des \u00e9missions de gaz \u00e0 effet de serre [&hellip;]","og_url":"https:\/\/mapetiteplanete.org\/de\/blog_mobilite\/","og_site_name":"Ma Petite Plan\u00e8te","article_publisher":"https:\/\/www.facebook.com\/MaPetitePlaneteLeJeu","article_modified_time":"2025-03-04T18:29:52+00:00","og_image":[{"width":591,"height":277,"url":"https:\/\/mapetiteplanete.org\/wp-content\/uploads\/2021\/02\/Logos_MPP_Vectorise-couleur-1.png","type":"image\/png"}],"twitter_card":"summary_large_image","schema":{"@context":"https:\/\/schema.org","@graph":[{"@type":"WebPage","@id":"https:\/\/mapetiteplanete.org\/blog_mobilite\/","url":"https:\/\/mapetiteplanete.org\/blog_mobilite\/","name":"Mobilit\u00e4t - Mein kleiner Planet","isPartOf":{"@id":"https:\/\/mapetiteplanete.org\/#website"},"datePublished":"2022-06-30T15:19:23+00:00","dateModified":"2025-03-04T18:29:52+00:00","breadcrumb":{"@id":"https:\/\/mapetiteplanete.org\/blog_mobilite\/#breadcrumb"},"inLanguage":"de","potentialAction":[{"@type":"ReadAction","target":["https:\/\/mapetiteplanete.org\/blog_mobilite\/"]}]},{"@type":"BreadcrumbList","@id":"https:\/\/mapetiteplanete.org\/blog_mobilite\/#breadcrumb","itemListElement":[{"@type":"ListItem","position":1,"name":"MPP, challenge \u00e9cologique","item":"https:\/\/mapetiteplanete.org\/"},{"@type":"ListItem","position":2,"name":"Mobilit\u00e9"}]},{"@type":"WebSite","@id":"https:\/\/mapetiteplanete.org\/#website","url":"https:\/\/mapetiteplanete.org\/","name":"Ma Petite Plan\u00e8te Schul","description":"Der Wettstreit \u00f6kologischer Herausforderungen","publisher":{"@id":"https:\/\/mapetiteplanete.org\/#organization"},"potentialAction":[{"@type":"SearchAction","target":{"@type":"EntryPoint","urlTemplate":"https:\/\/mapetiteplanete.org\/?s={search_term_string}"},"query-input":{"@type":"PropertyValueSpecification","valueRequired":true,"valueName":"search_term_string"}}],"inLanguage":"de"},{"@type":"Organization","@id":"https:\/\/mapetiteplanete.org\/#organization","name":"Mein kleiner Planet","url":"https:\/\/mapetiteplanete.org\/","logo":{"@type":"ImageObject","inLanguage":"de","@id":"https:\/\/mapetiteplanete.org\/#\/schema\/logo\/image\/","url":"https:\/\/mapetiteplanete.org\/wp-content\/uploads\/2020\/10\/cropped-logo_mpp.png","contentUrl":"https:\/\/mapetiteplanete.org\/wp-content\/uploads\/2020\/10\/cropped-logo_mpp.png","width":512,"height":512,"caption":"Ma Petite Planete"},"image":{"@id":"https:\/\/mapetiteplanete.org\/#\/schema\/logo\/image\/"},"sameAs":["https:\/\/www.facebook.com\/MaPetitePlaneteLeJeu","https:\/\/www.instagram.com\/mapetiteplanete_le_jeu\/","https:\/\/www.linkedin.com\/company\/ma-petite-plante\/?viewAsMember=true"]}]}},"_links":{"self":[{"href":"https:\/\/mapetiteplanete.org\/de\/wp-json\/wp\/v2\/pages\/29760","targetHints":{"allow":["GET"]}}],"collection":[{"href":"https:\/\/mapetiteplanete.org\/de\/wp-json\/wp\/v2\/pages"}],"about":[{"href":"https:\/\/mapetiteplanete.org\/de\/wp-json\/wp\/v2\/types\/page"}],"author":[{"embeddable":true,"href":"https:\/\/mapetiteplanete.org\/de\/wp-json\/wp\/v2\/users\/25"}],"replies":[{"embeddable":true,"href":"https:\/\/mapetiteplanete.org\/de\/wp-json\/wp\/v2\/comments?post=29760"}],"version-history":[{"count":5,"href":"https:\/\/mapetiteplanete.org\/de\/wp-json\/wp\/v2\/pages\/29760\/revisions"}],"predecessor-version":[{"id":37718,"href":"https:\/\/mapetiteplanete.org\/de\/wp-json\/wp\/v2\/pages\/29760\/revisions\/37718"}],"wp:attachment":[{"href":"https:\/\/mapetiteplanete.org\/de\/wp-json\/wp\/v2\/media?parent=29760"}],"curies":[{"name":"wp","href":"https:\/\/api.w.org\/{rel}","templated":true}]}}