{"id":33521,"date":"2023-07-31T15:51:03","date_gmt":"2023-07-31T13:51:03","guid":{"rendered":"https:\/\/mapetiteplanete.org\/?page_id=33521"},"modified":"2025-03-28T17:56:58","modified_gmt":"2025-03-28T16:56:58","slug":"sondage-opinion-way","status":"publish","type":"page","link":"http:\/\/mapetiteplanete.org\/es\/sondage-opinion-way\/","title":{"rendered":"Sondage Opinion Way pour Ma Petite Plan\u00e8te"},"content":{"rendered":"<p>[et_pb_section fb_built=\u00a0\u00bb1&Prime; _builder_version=\u00a0\u00bb4.20.4&Prime; _module_preset=\u00a0\u00bbdefault\u00a0\u00bb da_disable_devices=\u00a0\u00bboff|off|off\u00a0\u00bb global_colors_info=\u00a0\u00bb{}\u00a0\u00bb da_is_popup=\u00a0\u00bboff\u00a0\u00bb da_exit_intent=\u00a0\u00bboff\u00a0\u00bb da_has_close=\u00a0\u00bbon\u00a0\u00bb da_alt_close=\u00a0\u00bboff\u00a0\u00bb da_dark_close=\u00a0\u00bboff\u00a0\u00bb da_not_modal=\u00a0\u00bbon\u00a0\u00bb da_is_singular=\u00a0\u00bboff\u00a0\u00bb da_with_loader=\u00a0\u00bboff\u00a0\u00bb da_has_shadow=\u00a0\u00bbon\u00a0\u00bb][et_pb_row column_structure=\u00a0\u00bb1_2,1_2&Prime; _builder_version=\u00a0\u00bb4.20.4&Prime; _module_preset=\u00a0\u00bbdefault\u00a0\u00bb global_colors_info=\u00a0\u00bb{}\u00a0\u00bb][et_pb_column type=\u00a0\u00bb1_2&Prime; _builder_version=\u00a0\u00bb4.20.4&Prime; _module_preset=\u00a0\u00bbdefault\u00a0\u00bb global_colors_info=\u00a0\u00bb{}\u00a0\u00bb][et_pb_text _builder_version=\u00a0\u00bb4.20.4&Prime; _module_preset=\u00a0\u00bbdefault\u00a0\u00bb global_colors_info=\u00a0\u00bb{}\u00a0\u00bb]<\/p>\n<h1><span style=\"color: #8cd7e5;\">Sondage Opinion-Way<\/span><\/h1>\n<h2>pour Ma Petite Plan\u00e8te<\/h2>\n<p>&nbsp;<\/p>\n<p>Opinion-Way a interrog\u00e9 1003 personnes lors d&rsquo;un sondage pour Ma Petite Plan\u00e8te. L&rsquo;objectif \u00e9tait de conna\u00eetre sur les leviers de passage \u00e0 l&rsquo;action \u00e9cologique des Fran\u00e7ais.e.s. Le sondage questionne :<\/p>\n<p>&#8211; les actions \u00e9cologiques d\u00e9j\u00e0 mises en places<br \/>&#8211; la volont\u00e9 d&rsquo;en faire davantage<br \/>&#8211; les freins \u00e0 l&rsquo;action<br \/>&#8211; les changements n\u00e9cessaires pour encourager l&rsquo;action<\/p>\n<p>Vous pouvez d\u00e8s \u00e0 pr\u00e9sent acc\u00e9der aux r\u00e9sultats du sondage :<\/p>\n<p><span data-token-index=\"2\" class=\"notion-enable-hover\"><\/span><\/p>\n<p>[\/et_pb_text][et_pb_button button_url=\u00a0\u00bbhttps:\/\/www.opinion-way.com\/fr\/component\/edocman\/?task=document.viewdoc&#038;id=3142&#038;Itemid=0&Prime; url_new_window=\u00a0\u00bbon\u00a0\u00bb button_text=\u00a0\u00bbAcc\u00e9der aux r\u00e9sultats du sondage\u00a0\u00bb button_alignment=\u00a0\u00bbleft\u00a0\u00bb disabled_on=\u00a0\u00bboff|off|off\u00a0\u00bb _builder_version=\u00a0\u00bb4.20.4&Prime; _module_preset=\u00a0\u00bbdefault\u00a0\u00bb custom_button=\u00a0\u00bbon\u00a0\u00bb button_text_size=\u00a0\u00bb15px\u00a0\u00bb button_text_color=\u00a0\u00bb#EEF9FB\u00a0\u00bb button_bg_color=\u00a0\u00bb#EF6B51&Prime; button_border_width=\u00a0\u00bb0px\u00a0\u00bb button_border_radius=\u00a0\u00bb100px\u00a0\u00bb button_font=\u00a0\u00bbPoppins|700||on|||||\u00a0\u00bb button_icon=\u00a0\u00bb&#x35;||divi||400&Prime; button_icon_color=\u00a0\u00bb#EEF9FB\u00a0\u00bb button_on_hover=\u00a0\u00bboff\u00a0\u00bb background_layout=\u00a0\u00bbdark\u00a0\u00bb custom_margin=\u00a0\u00bb||10px|0px|false|false\u00a0\u00bb custom_margin_tablet=\u00a0\u00bb||17px|25px|false|false\u00a0\u00bb custom_margin_phone=\u00a0\u00bb||17px|25px|false|false\u00a0\u00bb custom_margin_last_edited=\u00a0\u00bbon|desktop\u00a0\u00bb custom_padding=\u00a0\u00bb10px|31px|10px|20px|true|false\u00a0\u00bb button_text_size_tablet=\u00a0\u00bb18px\u00a0\u00bb button_text_size_phone=\u00a0\u00bb15px\u00a0\u00bb button_text_size_last_edited=\u00a0\u00bbon|phone\u00a0\u00bb box_shadow_style=\u00a0\u00bbpreset2&Prime; box_shadow_spread=\u00a0\u00bb-5px\u00a0\u00bb locked=\u00a0\u00bboff\u00a0\u00bb global_colors_info=\u00a0\u00bb{}\u00a0\u00bb][\/et_pb_button][\/et_pb_column][et_pb_column type=\u00a0\u00bb1_2&Prime; _builder_version=\u00a0\u00bb4.20.4&Prime; _module_preset=\u00a0\u00bbdefault\u00a0\u00bb global_colors_info=\u00a0\u00bb{}\u00a0\u00bb][et_pb_image src=\u00a0\u00bbhttps:\/\/mapetiteplanete.org\/wp-content\/uploads\/2023\/07\/Sondage-Opinion-Way-pour-Ma-Petite-Planete-1.png\u00a0\u00bb title_text=\u00a0\u00bbSondage Opinion-Way pour Ma Petite Plane\u0300te (1)\u00a0\u00bb _builder_version=\u00a0\u00bb4.20.4&Prime; _module_preset=\u00a0\u00bbdefault\u00a0\u00bb background_color=\u00a0\u00bb#cdffc4&Prime; global_colors_info=\u00a0\u00bb{}\u00a0\u00bb][\/et_pb_image][\/et_pb_column][\/et_pb_row][\/et_pb_section][et_pb_section fb_built=\u00a0\u00bb1&Prime; _builder_version=\u00a0\u00bb4.20.4&Prime; _module_preset=\u00a0\u00bbdefault\u00a0\u00bb da_disable_devices=\u00a0\u00bboff|off|off\u00a0\u00bb global_colors_info=\u00a0\u00bb{}\u00a0\u00bb da_is_popup=\u00a0\u00bboff\u00a0\u00bb da_exit_intent=\u00a0\u00bboff\u00a0\u00bb da_has_close=\u00a0\u00bbon\u00a0\u00bb da_alt_close=\u00a0\u00bboff\u00a0\u00bb da_dark_close=\u00a0\u00bboff\u00a0\u00bb da_not_modal=\u00a0\u00bbon\u00a0\u00bb da_is_singular=\u00a0\u00bboff\u00a0\u00bb da_with_loader=\u00a0\u00bboff\u00a0\u00bb da_has_shadow=\u00a0\u00bbon\u00a0\u00bb][et_pb_row column_structure=\u00a0\u00bb1_3,1_3,1_3&Prime; _builder_version=\u00a0\u00bb4.20.4&Prime; _module_preset=\u00a0\u00bbdefault\u00a0\u00bb global_colors_info=\u00a0\u00bb{}\u00a0\u00bb][et_pb_column type=\u00a0\u00bb1_3&Prime; _builder_version=\u00a0\u00bb4.20.4&Prime; _module_preset=\u00a0\u00bbdefault\u00a0\u00bb global_colors_info=\u00a0\u00bb{}\u00a0\u00bb][et_pb_cta title=\u00a0\u00bbDes freins importants\u00a0\u00bb button_text=\u00a0\u00bbClics\u00a0\u00bb _builder_version=\u00a0\u00bb4.20.4&Prime; _module_preset=\u00a0\u00bbdefault\u00a0\u00bb background_color=\u00a0\u00bb#2C2C69&Prime; global_colors_info=\u00a0\u00bb{}\u00a0\u00bb]<\/p>\n<p style=\"text-align: left;\"><span style=\"color: #eef9fb;\">L&rsquo;absence d&rsquo;arguments convaincants, des priorit\u00e9s qui sont autres et un manque de moyens financiers&#8230; dans un contexte o\u00f9 l&rsquo;inflation conduit nombre de Fran\u00e7ais \u00e0 r\u00e9viser leurs priorit\u00e9s en termes d&rsquo;achat et de comportement !<\/span><\/p>\n<p>[\/et_pb_cta][\/et_pb_column][et_pb_column type=\u00a0\u00bb1_3&Prime; _builder_version=\u00a0\u00bb4.20.4&Prime; _module_preset=\u00a0\u00bbdefault\u00a0\u00bb global_colors_info=\u00a0\u00bb{}\u00a0\u00bb][et_pb_cta title=\u00a0\u00bbDes %22petits%22 gestes acquis\u00a0\u00bb button_text=\u00a0\u00bbClics\u00a0\u00bb _builder_version=\u00a0\u00bb4.20.4&Prime; _module_preset=\u00a0\u00bbdefault\u00a0\u00bb header_text_color=\u00a0\u00bb#2C2C69&Prime; background_color=\u00a0\u00bb#D1EFF5&Prime; custom_padding=\u00a0\u00bb||96px|||\u00a0\u00bb global_colors_info=\u00a0\u00bb{}\u00a0\u00bb]<\/p>\n<p style=\"text-align: left;\">\n<p style=\"text-align: left;\"><span style=\"color: #000080;\">Des \u00ab\u00a0petits\u00a0\u00bb gestes du quotidien \u00e0 priori acquis pour tou.te.s et une volont\u00e9 affich\u00e9e d&rsquo;en faire plus pour pr\u00e8s de 3 Fran\u00e7ais sur 4.<\/span><\/p>\n<p>[\/et_pb_cta][\/et_pb_column][et_pb_column type=\u00a0\u00bb1_3&Prime; _builder_version=\u00a0\u00bb4.20.4&Prime; _module_preset=\u00a0\u00bbdefault\u00a0\u00bb global_colors_info=\u00a0\u00bb{}\u00a0\u00bb][et_pb_cta title=\u00a0\u00bbUn besoin de sensibilisation\u00a0\u00bb button_text=\u00a0\u00bbClics\u00a0\u00bb _builder_version=\u00a0\u00bb4.20.4&Prime; _module_preset=\u00a0\u00bbdefault\u00a0\u00bb background_color=\u00a0\u00bb#59CEA8&Prime; global_colors_info=\u00a0\u00bb{}\u00a0\u00bb]<\/p>\n<p style=\"text-align: left;\">Le besoin de sensibilisation et de p\u00e9dagogie autour des bons gestes d\u00e8s l&rsquo;\u00e9cole constitue \u00e9galement un levier important &#8230; qui peut expliquer en partie l&rsquo;int\u00e9r\u00eat pour le jeu Ma Petite Plan\u00e8te de la part d&rsquo;un Fran\u00e7ais sur 2.<\/p>\n<p>[\/et_pb_cta][\/et_pb_column][\/et_pb_row][\/et_pb_section]<\/p>\n","protected":false},"excerpt":{"rendered":"<p>Sondage Opinion-Way pour Ma Petite Plan\u00e8te &nbsp; Opinion-Way a interrog\u00e9 1003 personnes lors d&rsquo;un sondage pour Ma Petite Plan\u00e8te. L&rsquo;objectif \u00e9tait de conna\u00eetre sur les leviers de passage \u00e0 l&rsquo;action \u00e9cologique des Fran\u00e7ais.e.s. Le sondage questionne : &#8211; les actions \u00e9cologiques d\u00e9j\u00e0 mises en places- la volont\u00e9 d&rsquo;en faire davantage- les freins \u00e0 l&rsquo;action- les [&hellip;]<\/p>\n","protected":false},"author":28,"featured_media":0,"parent":0,"menu_order":0,"comment_status":"closed","ping_status":"closed","template":"","meta":{"_et_pb_use_builder":"on","_et_pb_old_content":"","_et_gb_content_width":"","content-type":"","inline_featured_image":false,"footnotes":""},"class_list":["post-33521","page","type-page","status-publish","hentry"],"yoast_head":"<!-- This site is optimized with the Yoast SEO plugin v27.3 - https:\/\/yoast.com\/product\/yoast-seo-wordpress\/ -->\n<title>Sondage Opinion Way pour Ma Petite Plan\u00e8te - Ma Petite Plan\u00e8te<\/title>\n<meta name=\"robots\" content=\"index, follow, max-snippet:-1, max-image-preview:large, max-video-preview:-1\" \/>\n<link rel=\"canonical\" href=\"https:\/\/mapetiteplanete.org\/es\/sondage-opinion-way\/\" \/>\n<meta property=\"og:locale\" content=\"es_ES\" \/>\n<meta property=\"og:type\" content=\"article\" \/>\n<meta property=\"og:title\" content=\"Sondage Opinion Way pour Ma Petite Plan\u00e8te - Ma Petite Plan\u00e8te\" \/>\n<meta property=\"og:description\" content=\"Sondage Opinion-Way pour Ma Petite Plan\u00e8te &nbsp; Opinion-Way a interrog\u00e9 1003 personnes lors d&#039;un sondage pour Ma Petite Plan\u00e8te. L&#039;objectif \u00e9tait de conna\u00eetre sur les leviers de passage \u00e0 l&#039;action \u00e9cologique des Fran\u00e7ais.e.s. Le sondage questionne : - les actions \u00e9cologiques d\u00e9j\u00e0 mises en places- la volont\u00e9 d&#039;en faire davantage- les freins \u00e0 l&#039;action- les [&hellip;]\" \/>\n<meta property=\"og:url\" content=\"https:\/\/mapetiteplanete.org\/es\/sondage-opinion-way\/\" \/>\n<meta property=\"og:site_name\" content=\"Ma Petite Plan\u00e8te\" \/>\n<meta property=\"article:publisher\" content=\"https:\/\/www.facebook.com\/MaPetitePlaneteLeJeu\" \/>\n<meta property=\"article:modified_time\" content=\"2025-03-28T16:56:58+00:00\" \/>\n<meta property=\"og:image\" content=\"https:\/\/mapetiteplanete.org\/wp-content\/uploads\/2021\/02\/Logos_MPP_Vectorise-couleur-1.png\" \/>\n\t<meta property=\"og:image:width\" content=\"591\" \/>\n\t<meta property=\"og:image:height\" content=\"277\" \/>\n\t<meta property=\"og:image:type\" content=\"image\/png\" \/>\n<meta name=\"twitter:card\" content=\"summary_large_image\" \/>\n<script type=\"application\/ld+json\" class=\"yoast-schema-graph\">{\"@context\":\"https:\\\/\\\/schema.org\",\"@graph\":[{\"@type\":\"WebPage\",\"@id\":\"https:\\\/\\\/mapetiteplanete.org\\\/sondage-opinion-way\\\/\",\"url\":\"https:\\\/\\\/mapetiteplanete.org\\\/sondage-opinion-way\\\/\",\"name\":\"Sondage Opinion Way pour Ma Petite Plan\u00e8te - Ma Petite Plan\u00e8te\",\"isPartOf\":{\"@id\":\"https:\\\/\\\/mapetiteplanete.org\\\/#website\"},\"datePublished\":\"2023-07-31T13:51:03+00:00\",\"dateModified\":\"2025-03-28T16:56:58+00:00\",\"breadcrumb\":{\"@id\":\"https:\\\/\\\/mapetiteplanete.org\\\/sondage-opinion-way\\\/#breadcrumb\"},\"inLanguage\":\"es\",\"potentialAction\":[{\"@type\":\"ReadAction\",\"target\":[\"https:\\\/\\\/mapetiteplanete.org\\\/sondage-opinion-way\\\/\"]}]},{\"@type\":\"BreadcrumbList\",\"@id\":\"https:\\\/\\\/mapetiteplanete.org\\\/sondage-opinion-way\\\/#breadcrumb\",\"itemListElement\":[{\"@type\":\"ListItem\",\"position\":1,\"name\":\"MPP, challenge \u00e9cologique\",\"item\":\"https:\\\/\\\/mapetiteplanete.org\\\/\"},{\"@type\":\"ListItem\",\"position\":2,\"name\":\"Sondage Opinion Way pour Ma Petite Plan\u00e8te\"}]},{\"@type\":\"WebSite\",\"@id\":\"https:\\\/\\\/mapetiteplanete.org\\\/#website\",\"url\":\"https:\\\/\\\/mapetiteplanete.org\\\/\",\"name\":\"Ma Petite Plan\u00e8te\",\"description\":\"La comp\u00e9tition de d\u00e9fis \u00e9cologiques\",\"publisher\":{\"@id\":\"https:\\\/\\\/mapetiteplanete.org\\\/#organization\"},\"potentialAction\":[{\"@type\":\"SearchAction\",\"target\":{\"@type\":\"EntryPoint\",\"urlTemplate\":\"https:\\\/\\\/mapetiteplanete.org\\\/?s={search_term_string}\"},\"query-input\":{\"@type\":\"PropertyValueSpecification\",\"valueRequired\":true,\"valueName\":\"search_term_string\"}}],\"inLanguage\":\"es\"},{\"@type\":\"Organization\",\"@id\":\"https:\\\/\\\/mapetiteplanete.org\\\/#organization\",\"name\":\"Ma Petite Planete\",\"url\":\"https:\\\/\\\/mapetiteplanete.org\\\/\",\"logo\":{\"@type\":\"ImageObject\",\"inLanguage\":\"es\",\"@id\":\"https:\\\/\\\/mapetiteplanete.org\\\/#\\\/schema\\\/logo\\\/image\\\/\",\"url\":\"https:\\\/\\\/mapetiteplanete.org\\\/wp-content\\\/uploads\\\/2020\\\/10\\\/cropped-logo_mpp.png\",\"contentUrl\":\"https:\\\/\\\/mapetiteplanete.org\\\/wp-content\\\/uploads\\\/2020\\\/10\\\/cropped-logo_mpp.png\",\"width\":512,\"height\":512,\"caption\":\"Ma Petite Planete\"},\"image\":{\"@id\":\"https:\\\/\\\/mapetiteplanete.org\\\/#\\\/schema\\\/logo\\\/image\\\/\"},\"sameAs\":[\"https:\\\/\\\/www.facebook.com\\\/MaPetitePlaneteLeJeu\",\"https:\\\/\\\/www.instagram.com\\\/mapetiteplanete_le_jeu\\\/\",\"https:\\\/\\\/www.linkedin.com\\\/company\\\/ma-petite-plante\\\/?viewAsMember=true\"]}]}<\/script>\n<!-- \/ Yoast SEO plugin. -->","yoast_head_json":{"title":"Sondage Opinion Way pour Ma Petite Plan\u00e8te - Ma Petite Plan\u00e8te","robots":{"index":"index","follow":"follow","max-snippet":"max-snippet:-1","max-image-preview":"max-image-preview:large","max-video-preview":"max-video-preview:-1"},"canonical":"https:\/\/mapetiteplanete.org\/es\/sondage-opinion-way\/","og_locale":"es_ES","og_type":"article","og_title":"Sondage Opinion Way pour Ma Petite Plan\u00e8te - Ma Petite Plan\u00e8te","og_description":"Sondage Opinion-Way pour Ma Petite Plan\u00e8te &nbsp; Opinion-Way a interrog\u00e9 1003 personnes lors d'un sondage pour Ma Petite Plan\u00e8te. L'objectif \u00e9tait de conna\u00eetre sur les leviers de passage \u00e0 l'action \u00e9cologique des Fran\u00e7ais.e.s. Le sondage questionne : - les actions \u00e9cologiques d\u00e9j\u00e0 mises en places- la volont\u00e9 d'en faire davantage- les freins \u00e0 l'action- les [&hellip;]","og_url":"https:\/\/mapetiteplanete.org\/es\/sondage-opinion-way\/","og_site_name":"Ma Petite Plan\u00e8te","article_publisher":"https:\/\/www.facebook.com\/MaPetitePlaneteLeJeu","article_modified_time":"2025-03-28T16:56:58+00:00","og_image":[{"width":591,"height":277,"url":"https:\/\/mapetiteplanete.org\/wp-content\/uploads\/2021\/02\/Logos_MPP_Vectorise-couleur-1.png","type":"image\/png"}],"twitter_card":"summary_large_image","schema":{"@context":"https:\/\/schema.org","@graph":[{"@type":"WebPage","@id":"https:\/\/mapetiteplanete.org\/sondage-opinion-way\/","url":"https:\/\/mapetiteplanete.org\/sondage-opinion-way\/","name":"Sondage Opinion Way pour Ma Petite Plan\u00e8te - Ma Petite Plan\u00e8te","isPartOf":{"@id":"https:\/\/mapetiteplanete.org\/#website"},"datePublished":"2023-07-31T13:51:03+00:00","dateModified":"2025-03-28T16:56:58+00:00","breadcrumb":{"@id":"https:\/\/mapetiteplanete.org\/sondage-opinion-way\/#breadcrumb"},"inLanguage":"es","potentialAction":[{"@type":"ReadAction","target":["https:\/\/mapetiteplanete.org\/sondage-opinion-way\/"]}]},{"@type":"BreadcrumbList","@id":"https:\/\/mapetiteplanete.org\/sondage-opinion-way\/#breadcrumb","itemListElement":[{"@type":"ListItem","position":1,"name":"MPP, challenge \u00e9cologique","item":"https:\/\/mapetiteplanete.org\/"},{"@type":"ListItem","position":2,"name":"Sondage Opinion Way pour Ma Petite Plan\u00e8te"}]},{"@type":"WebSite","@id":"https:\/\/mapetiteplanete.org\/#website","url":"https:\/\/mapetiteplanete.org\/","name":"Ma Petite Plan\u00e8te Escolar","description":"Concurso \"El Desaf\u00edo Verde","publisher":{"@id":"https:\/\/mapetiteplanete.org\/#organization"},"potentialAction":[{"@type":"SearchAction","target":{"@type":"EntryPoint","urlTemplate":"https:\/\/mapetiteplanete.org\/?s={search_term_string}"},"query-input":{"@type":"PropertyValueSpecification","valueRequired":true,"valueName":"search_term_string"}}],"inLanguage":"es"},{"@type":"Organization","@id":"https:\/\/mapetiteplanete.org\/#organization","name":"Mi peque\u00f1o planeta","url":"https:\/\/mapetiteplanete.org\/","logo":{"@type":"ImageObject","inLanguage":"es","@id":"https:\/\/mapetiteplanete.org\/#\/schema\/logo\/image\/","url":"https:\/\/mapetiteplanete.org\/wp-content\/uploads\/2020\/10\/cropped-logo_mpp.png","contentUrl":"https:\/\/mapetiteplanete.org\/wp-content\/uploads\/2020\/10\/cropped-logo_mpp.png","width":512,"height":512,"caption":"Ma Petite Planete"},"image":{"@id":"https:\/\/mapetiteplanete.org\/#\/schema\/logo\/image\/"},"sameAs":["https:\/\/www.facebook.com\/MaPetitePlaneteLeJeu","https:\/\/www.instagram.com\/mapetiteplanete_le_jeu\/","https:\/\/www.linkedin.com\/company\/ma-petite-plante\/?viewAsMember=true"]}]}},"_links":{"self":[{"href":"http:\/\/mapetiteplanete.org\/es\/wp-json\/wp\/v2\/pages\/33521","targetHints":{"allow":["GET"]}}],"collection":[{"href":"http:\/\/mapetiteplanete.org\/es\/wp-json\/wp\/v2\/pages"}],"about":[{"href":"http:\/\/mapetiteplanete.org\/es\/wp-json\/wp\/v2\/types\/page"}],"author":[{"embeddable":true,"href":"http:\/\/mapetiteplanete.org\/es\/wp-json\/wp\/v2\/users\/28"}],"replies":[{"embeddable":true,"href":"http:\/\/mapetiteplanete.org\/es\/wp-json\/wp\/v2\/comments?post=33521"}],"version-history":[{"count":10,"href":"http:\/\/mapetiteplanete.org\/es\/wp-json\/wp\/v2\/pages\/33521\/revisions"}],"predecessor-version":[{"id":37834,"href":"http:\/\/mapetiteplanete.org\/es\/wp-json\/wp\/v2\/pages\/33521\/revisions\/37834"}],"wp:attachment":[{"href":"http:\/\/mapetiteplanete.org\/es\/wp-json\/wp\/v2\/media?parent=33521"}],"curies":[{"name":"wp","href":"https:\/\/api.w.org\/{rel}","templated":true}]}}